{"id":3789,"date":"2022-07-21T10:57:13","date_gmt":"2022-07-21T10:57:13","guid":{"rendered":"https:\/\/curell.com\/?page_id=3789"},"modified":"2025-10-21T11:32:00","modified_gmt":"2025-10-21T11:32:00","slug":"asociacions","status":"publish","type":"page","link":"https:\/\/curell.com\/ca\/asociacions\/","title":{"rendered":"Associacions"},"content":{"rendered":"<div class=\"wpb-content-wrapper\"><p>[vc_row css_animation=&#8221;&#8221; row_type=&#8221;row&#8221; use_row_as_full_screen_section=&#8221;no&#8221; type=&#8221;full_width&#8221; angled_section=&#8221;no&#8221; text_align=&#8221;left&#8221; background_image_as_pattern=&#8221;without_pattern&#8221; background_image=&#8221;370&#8243; css=&#8221;.vc_custom_1658925729576{background-image: url(https:\/\/curell.com\/wp-content\/uploads\/2022\/07\/asociaciones.jpg?id=1047) !important;background-position: center !important;background-repeat: no-repeat !important;background-size: cover !important;}&#8221; z_index=&#8221;&#8221;][vc_column offset=&#8221;vc_hidden-xs&#8221;][vc_empty_space height=&#8221;170&#8243;][vc_column_text css=&#8221;&#8221;]<\/p>\n<h1 style=\"text-align: center;\"><span style=\"color: #ffffff;\">Associacions i acreditacions<\/span><\/h1>\n<p>[\/vc_column_text][vc_empty_space height=&#8221;140&#8243;][\/vc_column][\/vc_row][vc_row css_animation=&#8221;&#8221; row_type=&#8221;row&#8221; use_row_as_full_screen_section=&#8221;no&#8221; type=&#8221;full_width&#8221; angled_section=&#8221;no&#8221; text_align=&#8221;left&#8221; background_image_as_pattern=&#8221;without_pattern&#8221; background_image=&#8221;370&#8243; css=&#8221;.vc_custom_1658925729576{background-image: url(https:\/\/curell.com\/wp-content\/uploads\/2022\/07\/asociaciones.jpg?id=1047) !important;background-position: center !important;background-repeat: no-repeat !important;background-size: cover !important;}&#8221; z_index=&#8221;&#8221;][vc_column offset=&#8221;vc_hidden-lg vc_hidden-md vc_hidden-sm&#8221;][vc_empty_space height=&#8221;120&#8243;][vc_column_text]<\/p>\n<h1 style=\"text-align: center;\"><span style=\"color: #ffffff;\">Associacions<\/span><\/h1>\n<p>[\/vc_column_text][vc_empty_space height=&#8221;90&#8243;][\/vc_column][\/vc_row][vc_row css_animation=&#8221;&#8221; row_type=&#8221;row&#8221; use_row_as_full_screen_section=&#8221;no&#8221; type=&#8221;full_width&#8221; angled_section=&#8221;no&#8221; text_align=&#8221;left&#8221; background_image_as_pattern=&#8221;without_pattern&#8221;][vc_column][vc_empty_space height=&#8221;60px&#8221;][\/vc_column][\/vc_row][vc_row css_animation=&#8221;&#8221; row_type=&#8221;row&#8221; use_row_as_full_screen_section=&#8221;no&#8221; type=&#8221;grid&#8221; angled_section=&#8221;no&#8221; text_align=&#8221;left&#8221; background_image_as_pattern=&#8221;without_pattern&#8221; z_index=&#8221;&#8221;][vc_column][vc_column_text]<\/p>\n<p style=\"text-align: center;\">Som membres actius de les m\u00e9s prestigioses associacions nacionals i internacionals en el sector de la Propietat Industrial i Intel\u00b7lectual. A trav\u00e9s d&#8217;elles, participem mitjan\u00e7ant col\u00b7laboracions i confer\u00e8ncies en els principals f\u00f2rums oberts per a l&#8217;estudi dels reptes espec\u00edfics que, en aquest nou segle, la Propietat Industrial i el dret d&#8217;autor plantegen indistintament a empreses, particulars i institucions.<\/p>\n<p>[\/vc_column_text][vc_empty_space height=&#8221;50px&#8221;][vc_column_text]<\/p>\n<h4 style=\"text-align: center;\">El despatx est\u00e0 representat internacionalment en les seg\u00fcents associacions i<br \/>\norganitzacions professionals:<\/h4>\n<p>[\/vc_column_text][vc_empty_space height=&#8221;55px&#8221;][\/vc_column][\/vc_row][vc_row css_animation=&#8221;&#8221; row_type=&#8221;row&#8221; use_row_as_full_screen_section=&#8221;no&#8221; type=&#8221;grid&#8221; angled_section=&#8221;no&#8221; text_align=&#8221;left&#8221; background_image_as_pattern=&#8221;without_pattern&#8221; z_index=&#8221;&#8221;][vc_column width=&#8221;1\/2&#8243;][vc_column_text]<\/p>\n<ul>\n<li><strong>COAPI<\/strong> \u2013 Col\u00b7legi Oficial d\u2019Agents de la Propietat Industrial<\/li>\n<li><strong>EPI<\/strong> \u2013 Institut de Representants Professionals davant la Oficina Europea de Patents<\/li>\n<li><strong>AIPPI<\/strong> \u2013 Associaci\u00f3 Internacional per a la Protecci\u00f3 de la Propietat Industrial<\/li>\n<li><strong>ECTA<\/strong> \u2013 European Communities Trade Mark Association<\/li>\n<li><strong>FICPI<\/strong> \u2013 F\u00e9d\u00e9ration Internationale des Conseils en Propri\u00e9t\u00e9 Industrielle<\/li>\n<li><strong>INTA<\/strong> \u2013 International Trademark Association<\/li>\n<\/ul>\n<p>[\/vc_column_text][\/vc_column][vc_column width=&#8221;1\/2&#8243;][vc_column_text]<\/p>\n<ul>\n<li><strong>APRAM<\/strong> \u2013 Association Fran\u00e7aise des Praticiens du droit des marques et des mod\u00e8les<\/li>\n<li><strong>MARQUES<\/strong> \u2013 The Association of European Brand Owners<\/li>\n<li><strong>PTMG<\/strong> \u2013 Pharmaceutical Trade Marks Group<\/li>\n<li><strong>EIC<\/strong> \u2013 Associaci\u00f3 i Col\u00b7legi d\u2019Enginyers Industrials de Catalunya<\/li>\n<li><strong>ICAB<\/strong> \u2013 Associaci\u00f3 i Col\u00b7legi d\u2019Enginyers Industrials de Catalunya<\/li>\n<li><strong>AEDD<\/strong> &#8211; Asociaci\u00f3n Espa\u00f1ola de Derecho Deportivo<\/li>\n<\/ul>\n<p>[\/vc_column_text][\/vc_column][\/vc_row][vc_row css_animation=&#8221;&#8221; row_type=&#8221;row&#8221; use_row_as_full_screen_section=&#8221;no&#8221; type=&#8221;grid&#8221; angled_section=&#8221;no&#8221; text_align=&#8221;left&#8221; background_image_as_pattern=&#8221;without_pattern&#8221; z_index=&#8221;&#8221;][vc_column][vc_empty_space height=&#8221;50px&#8221;][vc_column_text]<\/p>\n<h4 style=\"text-align: center;\">Curell Su\u00f1ol \u00e9s una societat limitada professional d&#8217;advocats inscrita a l&#8217;Il\u00b7lustre Col\u00b7legi de l&#8217;Advocacia de Barcelona (ICAB) i d&#8217;agents de la Propietat Industrial col\u00b7legiats davant el Col\u00b7legi Oficial d&#8217;Agents de la Propietat Industrial (COAPI). Els agents de Patents Europees s\u00f3n membres del European Patent Institute (EPI).<\/h4>\n<p>[\/vc_column_text][vc_empty_space height=&#8221;55px&#8221;][\/vc_column][\/vc_row][vc_row css_animation=&#8221;&#8221; row_type=&#8221;row&#8221; use_row_as_full_screen_section=&#8221;no&#8221; type=&#8221;grid&#8221; angled_section=&#8221;no&#8221; text_align=&#8221;left&#8221; background_image_as_pattern=&#8221;without_pattern&#8221; z_index=&#8221;&#8221;][vc_column width=&#8221;1\/5&#8243;][vc_single_image image=&#8221;6898&#8243; img_size=&#8221;medium&#8221; alignment=&#8221;center&#8221; qode_css_animation=&#8221;&#8221;][\/vc_column][vc_column width=&#8221;1\/5&#8243;][vc_single_image image=&#8221;8320&#8243; img_size=&#8221;medium&#8221; alignment=&#8221;center&#8221; qode_css_animation=&#8221;&#8221;][\/vc_column][vc_column width=&#8221;1\/5&#8243;][vc_single_image image=&#8221;6925&#8243; img_size=&#8221;medium&#8221; alignment=&#8221;center&#8221; qode_css_animation=&#8221;&#8221;][\/vc_column][vc_column width=&#8221;1\/5&#8243;][vc_single_image image=&#8221;8324&#8243; img_size=&#8221;medium&#8221; alignment=&#8221;center&#8221; qode_css_animation=&#8221;&#8221;][\/vc_column][vc_column width=&#8221;1\/5&#8243;][vc_single_image image=&#8221;6901&#8243; img_size=&#8221;medium&#8221; alignment=&#8221;center&#8221; qode_css_animation=&#8221;&#8221;][\/vc_column][\/vc_row][vc_row css_animation=&#8221;&#8221; row_type=&#8221;row&#8221; use_row_as_full_screen_section=&#8221;no&#8221; type=&#8221;grid&#8221; angled_section=&#8221;no&#8221; text_align=&#8221;left&#8221; background_image_as_pattern=&#8221;without_pattern&#8221; z_index=&#8221;&#8221;][vc_column][vc_empty_space height=&#8221;50px&#8221;][vc_column_text css=&#8221;&#8221;]<\/p>\n<h4 style=\"text-align: center;\">Professionals del despatx han estat acreditats com a persones assessores d&#8217;ACCI\u00d3:<\/h4>\n<p>[\/vc_column_text][vc_empty_space height=&#8221;30px&#8221;][\/vc_column][\/vc_row][vc_row css_animation=&#8221;&#8221; row_type=&#8221;row&#8221; use_row_as_full_screen_section=&#8221;no&#8221; type=&#8221;grid&#8221; angled_section=&#8221;no&#8221; text_align=&#8221;left&#8221; background_image_as_pattern=&#8221;without_pattern&#8221; z_index=&#8221;&#8221;][vc_column width=&#8221;1\/3&#8243;][vc_single_image image=&#8221;75296&#8243; img_size=&#8221;medium&#8221; alignment=&#8221;center&#8221; css=&#8221;&#8221; qode_css_animation=&#8221;&#8221;][\/vc_column][vc_column width=&#8221;1\/3&#8243;][vc_single_image image=&#8221;75281&#8243; img_size=&#8221;medium&#8221; alignment=&#8221;center&#8221; onclick=&#8221;custom_link&#8221; img_link_target=&#8221;_blank&#8221; css=&#8221;&#8221; qode_css_animation=&#8221;&#8221; link=&#8221;https:\/\/www.accio.gencat.cat\/ca\/inici\/&#8221;][\/vc_column][vc_column width=&#8221;1\/3&#8243;][vc_single_image image=&#8221;75296&#8243; img_size=&#8221;medium&#8221; alignment=&#8221;center&#8221; css=&#8221;&#8221; qode_css_animation=&#8221;&#8221;][\/vc_column][\/vc_row][vc_row css_animation=&#8221;&#8221; row_type=&#8221;row&#8221; use_row_as_full_screen_section=&#8221;no&#8221; type=&#8221;full_width&#8221; angled_section=&#8221;no&#8221; text_align=&#8221;left&#8221; background_image_as_pattern=&#8221;without_pattern&#8221;][vc_column][vc_empty_space height=&#8221;50px&#8221;][\/vc_column][\/vc_row][vc_row css_animation=&#8221;&#8221; row_type=&#8221;row&#8221; use_row_as_full_screen_section=&#8221;no&#8221; type=&#8221;full_width&#8221; angled_section=&#8221;no&#8221; text_align=&#8221;center&#8221; background_image_as_pattern=&#8221;without_pattern&#8221; css=&#8221;.vc_custom_1643624105316{background-color: #bda45d !important;}&#8221; z_index=&#8221;&#8221;][vc_column][vc_empty_space height=&#8221;35px&#8221;][vc_column_text]<\/p>\n<h2 style=\"text-align: center;\"><span style=\"color: #ffffff;\">Envieu la vostra consulta i us respondrem el m\u00e9s aviat possible.<\/span><\/h2>\n<p>[\/vc_column_text][vc_empty_space height=&#8221;20px&#8221;][vc_column_text]<\/p>\n<h4 style=\"text-align: center;\"><span style=\"color: #ffffff;\">Sabem com acompanyar-vos en aquest proc\u00e9s.<\/span><\/h4>\n<p>[\/vc_column_text][vc_empty_space height=&#8221;35px&#8221;]<a  itemprop=\"url\" href=\"https:\/\/curell.com\/ca\/contacte\/\" target=\"_self\" data-hover-background-color=\"#ffffff\" data-hover-border-color=\"#ffffff\" data-hover-color=\"#bda45d\" class=\"qbutton  default\" style=\"color: #ffffff; border-color: #ffffff; background-color:#bda45d;\">CONTACTAR<\/a>[vc_empty_space height=&#8221;35px&#8221;][\/vc_column][\/vc_row]<\/p>\n<\/div>","protected":false},"excerpt":{"rendered":"<p>[vc_row css_animation=&#8221;&#8221; row_type=&#8221;row&#8221; use_row_as_full_screen_section=&#8221;no&#8221; type=&#8221;full_width&#8221; angled_section=&#8221;no&#8221; text_align=&#8221;left&#8221; background_image_as_pattern=&#8221;without_pattern&#8221; background_image=&#8221;370&#8243; css=&#8221;.vc_custom_1658925729576{background-image: url(https:\/\/curell.com\/wp-content\/uploads\/2022\/07\/asociaciones.jpg?id=1047) !important;background-position: center !important;background-repeat: no-repeat !important;background-size: cover !important;}&#8221; z_index=&#8221;&#8221;][vc_column offset=&#8221;vc_hidden-xs&#8221;][vc_empty_space height=&#8221;170&#8243;][vc_column_text css=&#8221;&#8221;] Associacions i acreditacions [\/vc_column_text][vc_empty_space height=&#8221;140&#8243;][\/vc_column][\/vc_row][vc_row css_animation=&#8221;&#8221; row_type=&#8221;row&#8221; use_row_as_full_screen_section=&#8221;no&#8221; type=&#8221;full_width&#8221; angled_section=&#8221;no&#8221; text_align=&#8221;left&#8221; background_image_as_pattern=&#8221;without_pattern&#8221; background_image=&#8221;370&#8243; css=&#8221;.vc_custom_1658925729576{background-image: url(https:\/\/curell.com\/wp-content\/uploads\/2022\/07\/asociaciones.jpg?id=1047) !important;background-position: center !important;background-repeat: no-repeat !important;background-size: cover !important;}&#8221; z_index=&#8221;&#8221;][vc_column&#8230;<\/p>\n","protected":false},"author":2,"featured_media":2627,"parent":0,"menu_order":0,"comment_status":"closed","ping_status":"closed","template":"full_width.php","meta":{"footnotes":""},"class_list":["post-3789","page","type-page","status-publish","has-post-thumbnail","hentry"],"yoast_head":"<!-- This site is optimized with the Yoast SEO plugin v27.1.1 - https:\/\/yoast.com\/product\/yoast-seo-wordpress\/ -->\n<title>Associacions | Curell Su\u00f1ol<\/title>\n<meta name=\"robots\" content=\"index, follow, max-snippet:-1, max-image-preview:large, max-video-preview:-1\" \/>\n<link rel=\"canonical\" href=\"https:\/\/curell.com\/ca\/asociacions\/\" \/>\n<meta property=\"og:locale\" content=\"ca_ES\" \/>\n<meta property=\"og:type\" content=\"article\" \/>\n<meta property=\"og:title\" content=\"Associacions | Curell Su\u00f1ol\" \/>\n<meta property=\"og:description\" content=\"[vc_row css_animation=&#8221;&#8221; row_type=&#8221;row&#8221; use_row_as_full_screen_section=&#8221;no&#8221; type=&#8221;full_width&#8221; angled_section=&#8221;no&#8221; text_align=&#8221;left&#8221; background_image_as_pattern=&#8221;without_pattern&#8221; background_image=&#8221;370&#8243; css=&#8221;.vc_custom_1658925729576{background-image: url(https:\/\/curell.com\/wp-content\/uploads\/2022\/07\/asociaciones.jpg?id=1047) !important;background-position: center !important;background-repeat: no-repeat !important;background-size: cover !important;}&#8221; z_index=&#8221;&#8221;][vc_column offset=&#8221;vc_hidden-xs&#8221;][vc_empty_space height=&#8221;170&#8243;][vc_column_text css=&#8221;&#8221;] Associacions i acreditacions [\/vc_column_text][vc_empty_space height=&#8221;140&#8243;][\/vc_column][\/vc_row][vc_row css_animation=&#8221;&#8221; row_type=&#8221;row&#8221; use_row_as_full_screen_section=&#8221;no&#8221; type=&#8221;full_width&#8221; angled_section=&#8221;no&#8221; text_align=&#8221;left&#8221; background_image_as_pattern=&#8221;without_pattern&#8221; background_image=&#8221;370&#8243; css=&#8221;.vc_custom_1658925729576{background-image: url(https:\/\/curell.com\/wp-content\/uploads\/2022\/07\/asociaciones.jpg?id=1047) !important;background-position: center !important;background-repeat: no-repeat !important;background-size: cover !important;}&#8221; z_index=&#8221;&#8221;][vc_column...\" \/>\n<meta property=\"og:url\" content=\"https:\/\/curell.com\/ca\/asociacions\/\" \/>\n<meta property=\"og:site_name\" content=\"Curell Su\u00f1ol\" \/>\n<meta property=\"article:modified_time\" content=\"2025-10-21T11:32:00+00:00\" \/>\n<meta property=\"og:image\" content=\"https:\/\/curell.com\/wp-content\/uploads\/2022\/07\/asociaciones.jpg\" \/>\n\t<meta property=\"og:image:width\" content=\"2300\" \/>\n\t<meta property=\"og:image:height\" content=\"1294\" \/>\n\t<meta property=\"og:image:type\" content=\"image\/jpeg\" \/>\n<meta name=\"twitter:card\" content=\"summary_large_image\" \/>\n<meta name=\"twitter:label1\" content=\"Temps estimat de lectura\" \/>\n\t<meta name=\"twitter:data1\" content=\"4 minuts\" \/>\n<script type=\"application\/ld+json\" class=\"yoast-schema-graph\">{\"@context\":\"https:\/\/schema.org\",\"@graph\":[{\"@type\":\"WebPage\",\"@id\":\"https:\/\/curell.com\/ca\/asociacions\/\",\"url\":\"https:\/\/curell.com\/ca\/asociacions\/\",\"name\":\"Associacions | Curell Su\u00f1ol\",\"isPartOf\":{\"@id\":\"https:\/\/curell.com\/#website\"},\"primaryImageOfPage\":{\"@id\":\"https:\/\/curell.com\/ca\/asociacions\/#primaryimage\"},\"image\":{\"@id\":\"https:\/\/curell.com\/ca\/asociacions\/#primaryimage\"},\"thumbnailUrl\":\"https:\/\/curell.com\/wp-content\/uploads\/2022\/07\/asociaciones.jpg\",\"datePublished\":\"2022-07-21T10:57:13+00:00\",\"dateModified\":\"2025-10-21T11:32:00+00:00\",\"breadcrumb\":{\"@id\":\"https:\/\/curell.com\/ca\/asociacions\/#breadcrumb\"},\"inLanguage\":\"ca\",\"potentialAction\":[{\"@type\":\"ReadAction\",\"target\":[\"https:\/\/curell.com\/ca\/asociacions\/\"]}]},{\"@type\":\"ImageObject\",\"inLanguage\":\"ca\",\"@id\":\"https:\/\/curell.com\/ca\/asociacions\/#primaryimage\",\"url\":\"https:\/\/curell.com\/wp-content\/uploads\/2022\/07\/asociaciones.jpg\",\"contentUrl\":\"https:\/\/curell.com\/wp-content\/uploads\/2022\/07\/asociaciones.jpg\",\"width\":2300,\"height\":1294},{\"@type\":\"BreadcrumbList\",\"@id\":\"https:\/\/curell.com\/ca\/asociacions\/#breadcrumb\",\"itemListElement\":[{\"@type\":\"ListItem\",\"position\":1,\"name\":\"Portada\",\"item\":\"https:\/\/curell.com\/ca\/\"},{\"@type\":\"ListItem\",\"position\":2,\"name\":\"Associacions\"}]},{\"@type\":\"WebSite\",\"@id\":\"https:\/\/curell.com\/#website\",\"url\":\"https:\/\/curell.com\/\",\"name\":\"Curell Su\u00f1ol\",\"description\":\"Patentes, Marcas y Dise\u00f1os desde 1946\",\"publisher\":{\"@id\":\"https:\/\/curell.com\/#organization\"},\"potentialAction\":[{\"@type\":\"SearchAction\",\"target\":{\"@type\":\"EntryPoint\",\"urlTemplate\":\"https:\/\/curell.com\/?s={search_term_string}\"},\"query-input\":{\"@type\":\"PropertyValueSpecification\",\"valueRequired\":true,\"valueName\":\"search_term_string\"}}],\"inLanguage\":\"ca\"},{\"@type\":\"Organization\",\"@id\":\"https:\/\/curell.com\/#organization\",\"name\":\"Curell Su\u00f1ol\",\"url\":\"https:\/\/curell.com\/\",\"logo\":{\"@type\":\"ImageObject\",\"inLanguage\":\"ca\",\"@id\":\"https:\/\/curell.com\/#\/schema\/logo\/image\/\",\"url\":\"https:\/\/curell.com\/wp-content\/uploads\/2022\/10\/curell-3.png\",\"contentUrl\":\"https:\/\/curell.com\/wp-content\/uploads\/2022\/10\/curell-3.png\",\"width\":300,\"height\":70,\"caption\":\"Curell Su\u00f1ol\"},\"image\":{\"@id\":\"https:\/\/curell.com\/#\/schema\/logo\/image\/\"},\"sameAs\":[\"https:\/\/es.linkedin.com\/company\/curell-su-ol\",\"https:\/\/www.instagram.com\/curell.sunol\/\"]}]}<\/script>\n<!-- \/ Yoast SEO plugin. -->","yoast_head_json":{"title":"Associacions | Curell Su\u00f1ol","robots":{"index":"index","follow":"follow","max-snippet":"max-snippet:-1","max-image-preview":"max-image-preview:large","max-video-preview":"max-video-preview:-1"},"canonical":"https:\/\/curell.com\/ca\/asociacions\/","og_locale":"ca_ES","og_type":"article","og_title":"Associacions | Curell Su\u00f1ol","og_description":"[vc_row css_animation=&#8221;&#8221; row_type=&#8221;row&#8221; use_row_as_full_screen_section=&#8221;no&#8221; type=&#8221;full_width&#8221; angled_section=&#8221;no&#8221; text_align=&#8221;left&#8221; background_image_as_pattern=&#8221;without_pattern&#8221; background_image=&#8221;370&#8243; css=&#8221;.vc_custom_1658925729576{background-image: url(https:\/\/curell.com\/wp-content\/uploads\/2022\/07\/asociaciones.jpg?id=1047) !important;background-position: center !important;background-repeat: no-repeat !important;background-size: cover !important;}&#8221; z_index=&#8221;&#8221;][vc_column offset=&#8221;vc_hidden-xs&#8221;][vc_empty_space height=&#8221;170&#8243;][vc_column_text css=&#8221;&#8221;] Associacions i acreditacions [\/vc_column_text][vc_empty_space height=&#8221;140&#8243;][\/vc_column][\/vc_row][vc_row css_animation=&#8221;&#8221; row_type=&#8221;row&#8221; use_row_as_full_screen_section=&#8221;no&#8221; type=&#8221;full_width&#8221; angled_section=&#8221;no&#8221; text_align=&#8221;left&#8221; background_image_as_pattern=&#8221;without_pattern&#8221; background_image=&#8221;370&#8243; css=&#8221;.vc_custom_1658925729576{background-image: url(https:\/\/curell.com\/wp-content\/uploads\/2022\/07\/asociaciones.jpg?id=1047) !important;background-position: center !important;background-repeat: no-repeat !important;background-size: cover !important;}&#8221; z_index=&#8221;&#8221;][vc_column...","og_url":"https:\/\/curell.com\/ca\/asociacions\/","og_site_name":"Curell Su\u00f1ol","article_modified_time":"2025-10-21T11:32:00+00:00","og_image":[{"width":2300,"height":1294,"url":"https:\/\/curell.com\/wp-content\/uploads\/2022\/07\/asociaciones.jpg","type":"image\/jpeg"}],"twitter_card":"summary_large_image","twitter_misc":{"Temps estimat de lectura":"4 minuts"},"schema":{"@context":"https:\/\/schema.org","@graph":[{"@type":"WebPage","@id":"https:\/\/curell.com\/ca\/asociacions\/","url":"https:\/\/curell.com\/ca\/asociacions\/","name":"Associacions | Curell Su\u00f1ol","isPartOf":{"@id":"https:\/\/curell.com\/#website"},"primaryImageOfPage":{"@id":"https:\/\/curell.com\/ca\/asociacions\/#primaryimage"},"image":{"@id":"https:\/\/curell.com\/ca\/asociacions\/#primaryimage"},"thumbnailUrl":"https:\/\/curell.com\/wp-content\/uploads\/2022\/07\/asociaciones.jpg","datePublished":"2022-07-21T10:57:13+00:00","dateModified":"2025-10-21T11:32:00+00:00","breadcrumb":{"@id":"https:\/\/curell.com\/ca\/asociacions\/#breadcrumb"},"inLanguage":"ca","potentialAction":[{"@type":"ReadAction","target":["https:\/\/curell.com\/ca\/asociacions\/"]}]},{"@type":"ImageObject","inLanguage":"ca","@id":"https:\/\/curell.com\/ca\/asociacions\/#primaryimage","url":"https:\/\/curell.com\/wp-content\/uploads\/2022\/07\/asociaciones.jpg","contentUrl":"https:\/\/curell.com\/wp-content\/uploads\/2022\/07\/asociaciones.jpg","width":2300,"height":1294},{"@type":"BreadcrumbList","@id":"https:\/\/curell.com\/ca\/asociacions\/#breadcrumb","itemListElement":[{"@type":"ListItem","position":1,"name":"Portada","item":"https:\/\/curell.com\/ca\/"},{"@type":"ListItem","position":2,"name":"Associacions"}]},{"@type":"WebSite","@id":"https:\/\/curell.com\/#website","url":"https:\/\/curell.com\/","name":"Curell Su\u00f1ol","description":"Patentes, Marcas y Dise\u00f1os desde 1946","publisher":{"@id":"https:\/\/curell.com\/#organization"},"potentialAction":[{"@type":"SearchAction","target":{"@type":"EntryPoint","urlTemplate":"https:\/\/curell.com\/?s={search_term_string}"},"query-input":{"@type":"PropertyValueSpecification","valueRequired":true,"valueName":"search_term_string"}}],"inLanguage":"ca"},{"@type":"Organization","@id":"https:\/\/curell.com\/#organization","name":"Curell Su\u00f1ol","url":"https:\/\/curell.com\/","logo":{"@type":"ImageObject","inLanguage":"ca","@id":"https:\/\/curell.com\/#\/schema\/logo\/image\/","url":"https:\/\/curell.com\/wp-content\/uploads\/2022\/10\/curell-3.png","contentUrl":"https:\/\/curell.com\/wp-content\/uploads\/2022\/10\/curell-3.png","width":300,"height":70,"caption":"Curell Su\u00f1ol"},"image":{"@id":"https:\/\/curell.com\/#\/schema\/logo\/image\/"},"sameAs":["https:\/\/es.linkedin.com\/company\/curell-su-ol","https:\/\/www.instagram.com\/curell.sunol\/"]}]}},"_links":{"self":[{"href":"https:\/\/curell.com\/ca\/wp-json\/wp\/v2\/pages\/3789","targetHints":{"allow":["GET"]}}],"collection":[{"href":"https:\/\/curell.com\/ca\/wp-json\/wp\/v2\/pages"}],"about":[{"href":"https:\/\/curell.com\/ca\/wp-json\/wp\/v2\/types\/page"}],"author":[{"embeddable":true,"href":"https:\/\/curell.com\/ca\/wp-json\/wp\/v2\/users\/2"}],"replies":[{"embeddable":true,"href":"https:\/\/curell.com\/ca\/wp-json\/wp\/v2\/comments?post=3789"}],"version-history":[{"count":14,"href":"https:\/\/curell.com\/ca\/wp-json\/wp\/v2\/pages\/3789\/revisions"}],"predecessor-version":[{"id":75353,"href":"https:\/\/curell.com\/ca\/wp-json\/wp\/v2\/pages\/3789\/revisions\/75353"}],"wp:featuredmedia":[{"embeddable":true,"href":"https:\/\/curell.com\/ca\/wp-json\/wp\/v2\/media\/2627"}],"wp:attachment":[{"href":"https:\/\/curell.com\/ca\/wp-json\/wp\/v2\/media?parent=3789"}],"curies":[{"name":"wp","href":"https:\/\/api.w.org\/{rel}","templated":true}]}}