{"id":3818,"date":"2022-01-27T13:56:16","date_gmt":"2022-01-27T13:56:16","guid":{"rendered":"https:\/\/curell.com\/?page_id=3818"},"modified":"2025-03-25T13:35:29","modified_gmt":"2025-03-25T13:35:29","slug":"formularis","status":"publish","type":"page","link":"https:\/\/curell.com\/ca\/formularis\/","title":{"rendered":"Formularis"},"content":{"rendered":"<div class=\"wpb-content-wrapper\"><p>[vc_row css_animation=&#8221;&#8221; row_type=&#8221;row&#8221; use_row_as_full_screen_section=&#8221;no&#8221; type=&#8221;full_width&#8221; angled_section=&#8221;no&#8221; text_align=&#8221;left&#8221; background_image_as_pattern=&#8221;without_pattern&#8221;][vc_column][vc_empty_space height=&#8221;55px&#8221;][\/vc_column][\/vc_row][vc_row css_animation=&#8221;&#8221; row_type=&#8221;row&#8221; use_row_as_full_screen_section=&#8221;no&#8221; type=&#8221;grid&#8221; angled_section=&#8221;no&#8221; text_align=&#8221;left&#8221; background_image_as_pattern=&#8221;without_pattern&#8221; z_index=&#8221;&#8221;][vc_column width=&#8221;1\/3&#8243; offset=&#8221;vc_hidden-xs&#8221;][vc_empty_space height=&#8221;3&#8243;][vc_column_text]<\/p>\n<h5>Formularis<\/h5>\n<p>[\/vc_column_text][vc_column_text]Pot emplenar, signar i enviar-nos les autoritzacions en format digital o com a c\u00f2pia escanejada. Ja no s\u00f3n necessaris els documents originals.<\/p>\n<p>Els poders per a plets han de ser signats davant notari. Si l&#8217;atorgant ho fa des de fora d&#8217;Espanya, haur\u00e0 de legalitzar-se el poder amb la Postil\u00b7la de la Haia. En aquest cas, s\u00f3n necessaris els documents originals. Si el poder s&#8217;ha atorgat en una llengua diferent de l&#8217;espanyol, haur\u00e0 de ser objecte d&#8217;una traducci\u00f3 jurada. Podem ocupar-nos d&#8217;aix\u00f2 internament.[\/vc_column_text][\/vc_column][vc_column width=&#8221;2\/3&#8243; offset=&#8221;vc_hidden-xs&#8221;][vc_single_image image=&#8221;1051&#8243; img_size=&#8221;full&#8221; alignment=&#8221;center&#8221; qode_css_animation=&#8221;&#8221;][\/vc_column][\/vc_row][vc_row css_animation=&#8221;&#8221; row_type=&#8221;row&#8221; use_row_as_full_screen_section=&#8221;no&#8221; type=&#8221;full_width&#8221; angled_section=&#8221;no&#8221; text_align=&#8221;left&#8221; background_image_as_pattern=&#8221;without_pattern&#8221; z_index=&#8221;&#8221; css=&#8221;.vc_custom_1663238704506{padding-right: 20px !important;padding-left: 20px !important;}&#8221;][vc_column offset=&#8221;vc_hidden-lg vc_hidden-md vc_hidden-sm&#8221;][vc_single_image image=&#8221;1051&#8243; img_size=&#8221;full&#8221; alignment=&#8221;center&#8221; qode_css_animation=&#8221;&#8221;][vc_empty_space height=&#8221;30&#8243;][vc_column_text]<\/p>\n<p style=\"text-align: center;\">Pot emplenar, signar i enviar-nos les autoritzacions en format digital o com a c\u00f2pia escanejada. Ja no s\u00f3n necessaris els documents originals.<\/p>\n<p style=\"text-align: center;\">Els poders per a plets han de ser signats davant notari. Si l&#8217;atorgant ho fa des de fora d&#8217;Espanya, haur\u00e0 de legalitzar-se el poder amb la Postil\u00b7la de la Haia. En aquest cas, s\u00f3n necessaris els documents originals. Si el poder s&#8217;ha atorgat en una llengua diferent de l&#8217;espanyol, haur\u00e0 de ser objecte d&#8217;una traducci\u00f3 jurada. Podem ocupar-nos d&#8217;aix\u00f2 internament.<\/p>\n<p>[\/vc_column_text][\/vc_column][\/vc_row][vc_row css_animation=&#8221;&#8221; row_type=&#8221;row&#8221; use_row_as_full_screen_section=&#8221;no&#8221; type=&#8221;full_width&#8221; angled_section=&#8221;no&#8221; text_align=&#8221;left&#8221; background_image_as_pattern=&#8221;without_pattern&#8221;][vc_column][vc_empty_space height=&#8221;75px&#8221;][vc_column_text]<\/p>\n<h2 style=\"text-align: center;\">Desc\u00e0rregues de documentaci\u00f3<\/h2>\n<p>[\/vc_column_text][vc_empty_space height=&#8221;75px&#8221;][\/vc_column][\/vc_row][vc_row css_animation=&#8221;&#8221; row_type=&#8221;row&#8221; use_row_as_full_screen_section=&#8221;no&#8221; type=&#8221;grid&#8221; angled_section=&#8221;no&#8221; text_align=&#8221;center&#8221; background_image_as_pattern=&#8221;without_pattern&#8221; z_index=&#8221;&#8221;][vc_column width=&#8221;1\/3&#8243; offset=&#8221;vc_hidden-xs&#8221;]<span data-type=\"normal\" data-hover-icon-color=\"#99a7b5\" class=\"qode_icon_shortcode  q_font_awsome_icon fa-4x pull-center \" style=\" \"><i class=\"qode_icon_font_awesome fa fa-file-pdf-o qode_icon_element\" style=\"color: #99a7b5;\" ><\/i><\/span>[vc_column_text]<\/p>\n<p style=\"text-align: center;\">Formulari d&#8217;autoritzaci\u00f3 per a actuar davant l&#8217;Oficina Espanyola de Patents i Marques (OEPM)<\/p>\n<p>[\/vc_column_text][vc_empty_space height=&#8221;20px&#8221;]<a  itemprop=\"url\" href=\"https:\/\/curell.com\/wp-content\/uploads\/2022\/11\/Poder-Gen-especific-OEPM_curellcom.pdf\" target=\"_blank\"  class=\"qbutton  small default\" style=\"\">DESCARREGAR<\/a>[vc_empty_space height=&#8221;40px&#8221;][\/vc_column][vc_column width=&#8221;1\/3&#8243; offset=&#8221;vc_hidden-xs&#8221;]<span data-type=\"normal\" data-hover-icon-color=\"#bda45d\" class=\"qode_icon_shortcode  q_font_awsome_icon fa-4x pull-center \" style=\" \"><i class=\"qode_icon_font_awesome fa fa-file-pdf-o qode_icon_element\" style=\"color: #bda45d;\" ><\/i><\/span>[vc_column_text]<\/p>\n<p style=\"text-align: center;\">Formulari d&#8217;autoritzaci\u00f3 per a actuar davant l&#8217;Oficina Europea de Patents (EPO)<\/p>\n<p>[\/vc_column_text][vc_empty_space height=&#8221;20px&#8221;]<a  itemprop=\"url\" href=\"https:\/\/curell.com\/wp-content\/uploads\/2022\/09\/EPO-form-1003_authorisation.pdf\" target=\"_blank\"  class=\"qbutton  small default\" style=\"\">DESCARREGAR<\/a>[vc_empty_space height=&#8221;40px&#8221;][\/vc_column][vc_column width=&#8221;1\/3&#8243; offset=&#8221;vc_hidden-xs&#8221;]<span data-type=\"normal\" data-hover-icon-color=\"#99a7b5\" class=\"qode_icon_shortcode  q_font_awsome_icon fa-4x pull-center \" style=\" \"><i class=\"qode_icon_font_awesome fa fa-file-pdf-o qode_icon_element\" style=\"color: #99a7b5;\" ><\/i><\/span>[vc_column_text]<\/p>\n<p style=\"text-align: center;\">Formulari d&#8217;autoritzaci\u00f3 per a actuar davant l&#8217;Oficina de Marques del Principat d&#8217;Andorra (OMPA)<\/p>\n<p>[\/vc_column_text][vc_empty_space height=&#8221;20px&#8221;]<a  itemprop=\"url\" href=\"https:\/\/curell.com\/wp-content\/uploads\/2022\/09\/poder_andorra.pdf\" target=\"_blank\"  class=\"qbutton  small default\" style=\"\">DESCARREGAR<\/a>[vc_empty_space height=&#8221;40px&#8221;][\/vc_column][\/vc_row][vc_row css_animation=&#8221;&#8221; row_type=&#8221;row&#8221; use_row_as_full_screen_section=&#8221;no&#8221; type=&#8221;full_width&#8221; angled_section=&#8221;no&#8221; text_align=&#8221;left&#8221; background_image_as_pattern=&#8221;without_pattern&#8221;][vc_column offset=&#8221;vc_hidden-xs&#8221;][vc_empty_space height=&#8221;50px&#8221;][\/vc_column][\/vc_row][vc_row css_animation=&#8221;&#8221; row_type=&#8221;row&#8221; use_row_as_full_screen_section=&#8221;no&#8221; type=&#8221;grid&#8221; angled_section=&#8221;no&#8221; text_align=&#8221;center&#8221; background_image_as_pattern=&#8221;without_pattern&#8221; z_index=&#8221;&#8221;][vc_column width=&#8221;1\/3&#8243; offset=&#8221;vc_hidden-xs&#8221;]<span data-type=\"normal\" data-hover-icon-color=\"#bda45d\" class=\"qode_icon_shortcode  q_font_awsome_icon fa-4x pull-center \" style=\" \"><i class=\"qode_icon_font_awesome fa fa-file-pdf-o qode_icon_element\" style=\"color: #bda45d;\" ><\/i><\/span>[vc_column_text]<\/p>\n<p style=\"text-align: center;\">Formulari designaci\u00f3 d&#8217;inventor per a l\u2019EPO<\/p>\n<p>[\/vc_column_text][vc_empty_space height=&#8221;20px&#8221;]<a  itemprop=\"url\" href=\"https:\/\/curell.com\/wp-content\/uploads\/2025\/03\/Poder-Gen-especific-OEPM_curellcom-2025.docx\" target=\"_blank\"  class=\"qbutton  small default\" style=\"\">DESCARREGAR<\/a>[vc_empty_space height=&#8221;40px&#8221;][\/vc_column][vc_column width=&#8221;1\/3&#8243; offset=&#8221;vc_hidden-xs&#8221;]<span data-type=\"normal\" data-hover-icon-color=\"#99a7b5\" class=\"qode_icon_shortcode  q_font_awsome_icon fa-4x pull-center \" style=\" \"><i class=\"qode_icon_font_awesome fa fa-file-pdf-o qode_icon_element\" style=\"color: #99a7b5;\" ><\/i><\/span>[vc_column_text]<\/p>\n<p style=\"text-align: center;\">Formulari per a la sol\u00b7licitud d&#8217;un nom de domini<\/p>\n<p>[\/vc_column_text][vc_empty_space height=&#8221;20px&#8221;]<a  itemprop=\"url\" href=\"https:\/\/curell.com\/wp-content\/uploads\/2022\/10\/Form_sol_ND_cat-1.docx\" target=\"_blank\"  class=\"qbutton  small default\" style=\"\">DESCARREGAR<\/a>[vc_empty_space height=&#8221;40px&#8221;][\/vc_column][vc_column width=&#8221;1\/3&#8243; offset=&#8221;vc_hidden-xs&#8221;]<span data-type=\"normal\" data-hover-icon-color=\"#bda45d\" class=\"qode_icon_shortcode  q_font_awsome_icon fa-4x pull-center \" style=\" \"><i class=\"qode_icon_font_awesome fa fa-file-pdf-o qode_icon_element\" style=\"color: #bda45d;\" ><\/i><\/span>[vc_column_text]<\/p>\n<p style=\"text-align: center;\">Poder per a plets<\/p>\n<p>[\/vc_column_text][vc_empty_space height=&#8221;20px&#8221;]<a  itemprop=\"url\" href=\"https:\/\/curell.com\/wp-content\/uploads\/2025\/01\/PPP-ES.docx\" target=\"_self\"  class=\"qbutton  small default\" style=\"\">DESCARREGAR<\/a>[vc_empty_space height=&#8221;40px&#8221;][\/vc_column][\/vc_row][vc_row css_animation=&#8221;&#8221; row_type=&#8221;row&#8221; use_row_as_full_screen_section=&#8221;no&#8221; type=&#8221;full_width&#8221; angled_section=&#8221;no&#8221; text_align=&#8221;center&#8221; background_image_as_pattern=&#8221;without_pattern&#8221; z_index=&#8221;&#8221; css=&#8221;.vc_custom_1663239875251{padding-right: 20px !important;padding-left: 20px !important;}&#8221;][vc_column offset=&#8221;vc_hidden-lg vc_hidden-md vc_hidden-sm&#8221;]<span data-type=\"normal\" data-hover-icon-color=\"#bda45d\" class=\"qode_icon_shortcode  q_font_awsome_icon fa-4x pull-center \" style=\" \"><i class=\"qode_icon_font_awesome fa fa-file-pdf-o qode_icon_element\" style=\"color: #bda45d;\" ><\/i><\/span>[vc_column_text]<\/p>\n<p style=\"text-align: center;\">Formulari d&#8217;autoritzaci\u00f3 per a actuar davant l&#8217;Oficina Espanyola de Patents i Marques (OEPM)<\/p>\n<p>[\/vc_column_text][vc_empty_space height=&#8221;25px&#8221;]<a  itemprop=\"url\" href=\"https:\/\/curell.com\/wp-content\/uploads\/2022\/10\/1Poder-Gen-especi\u0301fic-OEPM_curellcom.docx\" target=\"_blank\"  class=\"qbutton  small default\" style=\"\">DESCARREGAR<\/a>[vc_empty_space height=&#8221;70px&#8221;]<span data-type=\"normal\" data-hover-icon-color=\"#99a7b5\" class=\"qode_icon_shortcode  q_font_awsome_icon fa-4x pull-center \" style=\" \"><i class=\"qode_icon_font_awesome fa fa-file-pdf-o qode_icon_element\" style=\"color: #99a7b5;\" ><\/i><\/span>[vc_column_text]<\/p>\n<p style=\"text-align: center;\">Formulari d&#8217;autoritzaci\u00f3 per a actuar davant l&#8217;Oficina Europea de Patents (EPO)<\/p>\n<p>[\/vc_column_text][vc_empty_space height=&#8221;25px&#8221;]<a  itemprop=\"url\" href=\"https:\/\/curell.com\/wp-content\/uploads\/2022\/09\/EPO-form-1003_authorisation.pdf\" target=\"_blank\"  class=\"qbutton  small default\" style=\"\">DESCARREGAR<\/a>[vc_empty_space height=&#8221;70px&#8221;]<span data-type=\"normal\" data-hover-icon-color=\"#bda45d\" class=\"qode_icon_shortcode  q_font_awsome_icon fa-4x pull-center \" style=\" \"><i class=\"qode_icon_font_awesome fa fa-file-pdf-o qode_icon_element\" style=\"color: #bda45d;\" ><\/i><\/span>[vc_column_text]<\/p>\n<p style=\"text-align: center;\">Formulari d&#8217;autoritzaci\u00f3 per a actuar davant l&#8217;Oficina de Marques del Principat d&#8217;Andorra (OMPA)<\/p>\n<p>[\/vc_column_text][vc_empty_space height=&#8221;25px&#8221;]<a  itemprop=\"url\" href=\"https:\/\/curell.com\/wp-content\/uploads\/2022\/09\/poder_andorra.pdf\" target=\"_self\"  class=\"qbutton  small default\" style=\"\">DESCARREGAR<\/a>[vc_empty_space height=&#8221;70px&#8221;]<span data-type=\"normal\" data-hover-icon-color=\"#99a7b5\" class=\"qode_icon_shortcode  q_font_awsome_icon fa-4x pull-center \" style=\" \"><i class=\"qode_icon_font_awesome fa fa-file-pdf-o qode_icon_element\" style=\"color: #99a7b5;\" ><\/i><\/span>[vc_column_text]<\/p>\n<p style=\"text-align: center;\">Formulari designaci\u00f3 d&#8217;inventor per a l\u2019EPO<\/p>\n<p>[\/vc_column_text][vc_empty_space height=&#8221;25px&#8221;]<a  itemprop=\"url\" href=\"https:\/\/curell.com\/wp-content\/uploads\/2022\/09\/1002doc_edit.pdf\" target=\"_blank\"  class=\"qbutton  small center default\" style=\"\">DESCARREGAR<\/a>[vc_empty_space height=&#8221;70px&#8221;]<span data-type=\"normal\" data-hover-icon-color=\"#bda45d\" class=\"qode_icon_shortcode  q_font_awsome_icon fa-4x pull-center \" style=\" \"><i class=\"qode_icon_font_awesome fa fa-file-pdf-o qode_icon_element\" style=\"color: #bda45d;\" ><\/i><\/span>[vc_column_text]<\/p>\n<p style=\"text-align: center;\">Formulari per a la sol\u00b7licitud d&#8217;un nom de domini<\/p>\n<p>[\/vc_column_text][vc_empty_space height=&#8221;25px&#8221;]<a  itemprop=\"url\" href=\"https:\/\/curell.com\/wp-content\/uploads\/2022\/10\/Form_sol_ND_cat-1.docx\" target=\"_blank\"  class=\"qbutton  small default\" style=\"\">DESCARREGAR<\/a>[vc_empty_space height=&#8221;70px&#8221;]<span data-type=\"normal\" data-hover-icon-color=\"#99a7b5\" class=\"qode_icon_shortcode  q_font_awsome_icon fa-4x pull-center \" style=\" \"><i class=\"qode_icon_font_awesome fa fa-file-pdf-o qode_icon_element\" style=\"color: #99a7b5;\" ><\/i><\/span>[vc_column_text]<\/p>\n<p style=\"text-align: center;\">Poder per a plets<\/p>\n<p>[\/vc_column_text][vc_empty_space height=&#8221;25px&#8221;]<a  itemprop=\"url\" href=\"https:\/\/curell.com\/wp-content\/uploads\/2025\/01\/PPP-ES.docx\" target=\"_self\"  class=\"qbutton  small default\" style=\"\">DESCARREGAR<\/a>[vc_empty_space height=&#8221;25px&#8221;][\/vc_column][\/vc_row][vc_row css_animation=&#8221;&#8221; row_type=&#8221;row&#8221; use_row_as_full_screen_section=&#8221;no&#8221; type=&#8221;full_width&#8221; angled_section=&#8221;no&#8221; text_align=&#8221;left&#8221; background_image_as_pattern=&#8221;without_pattern&#8221;][vc_column][vc_empty_space height=&#8221;85px&#8221;][\/vc_column][\/vc_row]<\/p>\n<\/div>","protected":false},"excerpt":{"rendered":"<p>[vc_row css_animation=&#8221;&#8221; row_type=&#8221;row&#8221; use_row_as_full_screen_section=&#8221;no&#8221; type=&#8221;full_width&#8221; angled_section=&#8221;no&#8221; text_align=&#8221;left&#8221; background_image_as_pattern=&#8221;without_pattern&#8221;][vc_column][vc_empty_space height=&#8221;55px&#8221;][\/vc_column][\/vc_row][vc_row css_animation=&#8221;&#8221; row_type=&#8221;row&#8221; use_row_as_full_screen_section=&#8221;no&#8221; type=&#8221;grid&#8221; angled_section=&#8221;no&#8221; text_align=&#8221;left&#8221; background_image_as_pattern=&#8221;without_pattern&#8221; z_index=&#8221;&#8221;][vc_column width=&#8221;1\/3&#8243; offset=&#8221;vc_hidden-xs&#8221;][vc_empty_space height=&#8221;3&#8243;][vc_column_text] Formularis [\/vc_column_text][vc_column_text]Pot emplenar, signar i enviar-nos les autoritzacions en format digital o com a c\u00f2pia escanejada. Ja no s\u00f3n necessaris els documents originals. Els poders&#8230;<\/p>\n","protected":false},"author":2,"featured_media":3061,"parent":0,"menu_order":0,"comment_status":"closed","ping_status":"closed","template":"full_width.php","meta":{"footnotes":""},"class_list":["post-3818","page","type-page","status-publish","has-post-thumbnail","hentry"],"yoast_head":"<!-- This site is optimized with the Yoast SEO plugin v27.1.1 - https:\/\/yoast.com\/product\/yoast-seo-wordpress\/ -->\n<title>Formularis | Curell Su\u00f1ol<\/title>\n<meta name=\"robots\" content=\"index, follow, max-snippet:-1, max-image-preview:large, max-video-preview:-1\" \/>\n<link rel=\"canonical\" href=\"https:\/\/curell.com\/ca\/formularis\/\" \/>\n<meta property=\"og:locale\" content=\"ca_ES\" \/>\n<meta property=\"og:type\" content=\"article\" \/>\n<meta property=\"og:title\" content=\"Formularis | Curell Su\u00f1ol\" \/>\n<meta property=\"og:description\" content=\"[vc_row css_animation=&#8221;&#8221; row_type=&#8221;row&#8221; use_row_as_full_screen_section=&#8221;no&#8221; type=&#8221;full_width&#8221; angled_section=&#8221;no&#8221; text_align=&#8221;left&#8221; background_image_as_pattern=&#8221;without_pattern&#8221;][vc_column][vc_empty_space height=&#8221;55px&#8221;][\/vc_column][\/vc_row][vc_row css_animation=&#8221;&#8221; row_type=&#8221;row&#8221; use_row_as_full_screen_section=&#8221;no&#8221; type=&#8221;grid&#8221; angled_section=&#8221;no&#8221; text_align=&#8221;left&#8221; background_image_as_pattern=&#8221;without_pattern&#8221; z_index=&#8221;&#8221;][vc_column width=&#8221;1\/3&#8243; offset=&#8221;vc_hidden-xs&#8221;][vc_empty_space height=&#8221;3&#8243;][vc_column_text] Formularis [\/vc_column_text][vc_column_text]Pot emplenar, signar i enviar-nos les autoritzacions en format digital o com a c\u00f2pia escanejada. Ja no s\u00f3n necessaris els documents originals. Els poders...\" \/>\n<meta property=\"og:url\" content=\"https:\/\/curell.com\/ca\/formularis\/\" \/>\n<meta property=\"og:site_name\" content=\"Curell Su\u00f1ol\" \/>\n<meta property=\"article:modified_time\" content=\"2025-03-25T13:35:29+00:00\" \/>\n<meta property=\"og:image\" content=\"https:\/\/curell.com\/wp-content\/uploads\/2022\/09\/formularios2.jpg\" \/>\n\t<meta property=\"og:image:width\" content=\"1500\" \/>\n\t<meta property=\"og:image:height\" content=\"800\" \/>\n\t<meta property=\"og:image:type\" content=\"image\/jpeg\" \/>\n<meta name=\"twitter:card\" content=\"summary_large_image\" \/>\n<meta name=\"twitter:label1\" content=\"Temps estimat de lectura\" \/>\n\t<meta name=\"twitter:data1\" content=\"4 minuts\" \/>\n<script type=\"application\/ld+json\" class=\"yoast-schema-graph\">{\"@context\":\"https:\/\/schema.org\",\"@graph\":[{\"@type\":\"WebPage\",\"@id\":\"https:\/\/curell.com\/ca\/formularis\/\",\"url\":\"https:\/\/curell.com\/ca\/formularis\/\",\"name\":\"Formularis | Curell Su\u00f1ol\",\"isPartOf\":{\"@id\":\"https:\/\/curell.com\/#website\"},\"primaryImageOfPage\":{\"@id\":\"https:\/\/curell.com\/ca\/formularis\/#primaryimage\"},\"image\":{\"@id\":\"https:\/\/curell.com\/ca\/formularis\/#primaryimage\"},\"thumbnailUrl\":\"https:\/\/curell.com\/wp-content\/uploads\/2022\/09\/formularios2.jpg\",\"datePublished\":\"2022-01-27T13:56:16+00:00\",\"dateModified\":\"2025-03-25T13:35:29+00:00\",\"breadcrumb\":{\"@id\":\"https:\/\/curell.com\/ca\/formularis\/#breadcrumb\"},\"inLanguage\":\"ca\",\"potentialAction\":[{\"@type\":\"ReadAction\",\"target\":[\"https:\/\/curell.com\/ca\/formularis\/\"]}]},{\"@type\":\"ImageObject\",\"inLanguage\":\"ca\",\"@id\":\"https:\/\/curell.com\/ca\/formularis\/#primaryimage\",\"url\":\"https:\/\/curell.com\/wp-content\/uploads\/2022\/09\/formularios2.jpg\",\"contentUrl\":\"https:\/\/curell.com\/wp-content\/uploads\/2022\/09\/formularios2.jpg\",\"width\":1500,\"height\":800},{\"@type\":\"BreadcrumbList\",\"@id\":\"https:\/\/curell.com\/ca\/formularis\/#breadcrumb\",\"itemListElement\":[{\"@type\":\"ListItem\",\"position\":1,\"name\":\"Portada\",\"item\":\"https:\/\/curell.com\/ca\/\"},{\"@type\":\"ListItem\",\"position\":2,\"name\":\"Formularis\"}]},{\"@type\":\"WebSite\",\"@id\":\"https:\/\/curell.com\/#website\",\"url\":\"https:\/\/curell.com\/\",\"name\":\"Curell Su\u00f1ol\",\"description\":\"Patentes, Marcas y Dise\u00f1os desde 1946\",\"publisher\":{\"@id\":\"https:\/\/curell.com\/#organization\"},\"potentialAction\":[{\"@type\":\"SearchAction\",\"target\":{\"@type\":\"EntryPoint\",\"urlTemplate\":\"https:\/\/curell.com\/?s={search_term_string}\"},\"query-input\":{\"@type\":\"PropertyValueSpecification\",\"valueRequired\":true,\"valueName\":\"search_term_string\"}}],\"inLanguage\":\"ca\"},{\"@type\":\"Organization\",\"@id\":\"https:\/\/curell.com\/#organization\",\"name\":\"Curell Su\u00f1ol\",\"url\":\"https:\/\/curell.com\/\",\"logo\":{\"@type\":\"ImageObject\",\"inLanguage\":\"ca\",\"@id\":\"https:\/\/curell.com\/#\/schema\/logo\/image\/\",\"url\":\"https:\/\/curell.com\/wp-content\/uploads\/2022\/10\/curell-3.png\",\"contentUrl\":\"https:\/\/curell.com\/wp-content\/uploads\/2022\/10\/curell-3.png\",\"width\":300,\"height\":70,\"caption\":\"Curell Su\u00f1ol\"},\"image\":{\"@id\":\"https:\/\/curell.com\/#\/schema\/logo\/image\/\"},\"sameAs\":[\"https:\/\/es.linkedin.com\/company\/curell-su-ol\",\"https:\/\/www.instagram.com\/curell.sunol\/\"]}]}<\/script>\n<!-- \/ Yoast SEO plugin. -->","yoast_head_json":{"title":"Formularis | Curell Su\u00f1ol","robots":{"index":"index","follow":"follow","max-snippet":"max-snippet:-1","max-image-preview":"max-image-preview:large","max-video-preview":"max-video-preview:-1"},"canonical":"https:\/\/curell.com\/ca\/formularis\/","og_locale":"ca_ES","og_type":"article","og_title":"Formularis | Curell Su\u00f1ol","og_description":"[vc_row css_animation=&#8221;&#8221; row_type=&#8221;row&#8221; use_row_as_full_screen_section=&#8221;no&#8221; type=&#8221;full_width&#8221; angled_section=&#8221;no&#8221; text_align=&#8221;left&#8221; background_image_as_pattern=&#8221;without_pattern&#8221;][vc_column][vc_empty_space height=&#8221;55px&#8221;][\/vc_column][\/vc_row][vc_row css_animation=&#8221;&#8221; row_type=&#8221;row&#8221; use_row_as_full_screen_section=&#8221;no&#8221; type=&#8221;grid&#8221; angled_section=&#8221;no&#8221; text_align=&#8221;left&#8221; background_image_as_pattern=&#8221;without_pattern&#8221; z_index=&#8221;&#8221;][vc_column width=&#8221;1\/3&#8243; offset=&#8221;vc_hidden-xs&#8221;][vc_empty_space height=&#8221;3&#8243;][vc_column_text] Formularis [\/vc_column_text][vc_column_text]Pot emplenar, signar i enviar-nos les autoritzacions en format digital o com a c\u00f2pia escanejada. Ja no s\u00f3n necessaris els documents originals. Els poders...","og_url":"https:\/\/curell.com\/ca\/formularis\/","og_site_name":"Curell Su\u00f1ol","article_modified_time":"2025-03-25T13:35:29+00:00","og_image":[{"width":1500,"height":800,"url":"https:\/\/curell.com\/wp-content\/uploads\/2022\/09\/formularios2.jpg","type":"image\/jpeg"}],"twitter_card":"summary_large_image","twitter_misc":{"Temps estimat de lectura":"4 minuts"},"schema":{"@context":"https:\/\/schema.org","@graph":[{"@type":"WebPage","@id":"https:\/\/curell.com\/ca\/formularis\/","url":"https:\/\/curell.com\/ca\/formularis\/","name":"Formularis | Curell Su\u00f1ol","isPartOf":{"@id":"https:\/\/curell.com\/#website"},"primaryImageOfPage":{"@id":"https:\/\/curell.com\/ca\/formularis\/#primaryimage"},"image":{"@id":"https:\/\/curell.com\/ca\/formularis\/#primaryimage"},"thumbnailUrl":"https:\/\/curell.com\/wp-content\/uploads\/2022\/09\/formularios2.jpg","datePublished":"2022-01-27T13:56:16+00:00","dateModified":"2025-03-25T13:35:29+00:00","breadcrumb":{"@id":"https:\/\/curell.com\/ca\/formularis\/#breadcrumb"},"inLanguage":"ca","potentialAction":[{"@type":"ReadAction","target":["https:\/\/curell.com\/ca\/formularis\/"]}]},{"@type":"ImageObject","inLanguage":"ca","@id":"https:\/\/curell.com\/ca\/formularis\/#primaryimage","url":"https:\/\/curell.com\/wp-content\/uploads\/2022\/09\/formularios2.jpg","contentUrl":"https:\/\/curell.com\/wp-content\/uploads\/2022\/09\/formularios2.jpg","width":1500,"height":800},{"@type":"BreadcrumbList","@id":"https:\/\/curell.com\/ca\/formularis\/#breadcrumb","itemListElement":[{"@type":"ListItem","position":1,"name":"Portada","item":"https:\/\/curell.com\/ca\/"},{"@type":"ListItem","position":2,"name":"Formularis"}]},{"@type":"WebSite","@id":"https:\/\/curell.com\/#website","url":"https:\/\/curell.com\/","name":"Curell Su\u00f1ol","description":"Patentes, Marcas y Dise\u00f1os desde 1946","publisher":{"@id":"https:\/\/curell.com\/#organization"},"potentialAction":[{"@type":"SearchAction","target":{"@type":"EntryPoint","urlTemplate":"https:\/\/curell.com\/?s={search_term_string}"},"query-input":{"@type":"PropertyValueSpecification","valueRequired":true,"valueName":"search_term_string"}}],"inLanguage":"ca"},{"@type":"Organization","@id":"https:\/\/curell.com\/#organization","name":"Curell Su\u00f1ol","url":"https:\/\/curell.com\/","logo":{"@type":"ImageObject","inLanguage":"ca","@id":"https:\/\/curell.com\/#\/schema\/logo\/image\/","url":"https:\/\/curell.com\/wp-content\/uploads\/2022\/10\/curell-3.png","contentUrl":"https:\/\/curell.com\/wp-content\/uploads\/2022\/10\/curell-3.png","width":300,"height":70,"caption":"Curell Su\u00f1ol"},"image":{"@id":"https:\/\/curell.com\/#\/schema\/logo\/image\/"},"sameAs":["https:\/\/es.linkedin.com\/company\/curell-su-ol","https:\/\/www.instagram.com\/curell.sunol\/"]}]}},"_links":{"self":[{"href":"https:\/\/curell.com\/ca\/wp-json\/wp\/v2\/pages\/3818","targetHints":{"allow":["GET"]}}],"collection":[{"href":"https:\/\/curell.com\/ca\/wp-json\/wp\/v2\/pages"}],"about":[{"href":"https:\/\/curell.com\/ca\/wp-json\/wp\/v2\/types\/page"}],"author":[{"embeddable":true,"href":"https:\/\/curell.com\/ca\/wp-json\/wp\/v2\/users\/2"}],"replies":[{"embeddable":true,"href":"https:\/\/curell.com\/ca\/wp-json\/wp\/v2\/comments?post=3818"}],"version-history":[{"count":13,"href":"https:\/\/curell.com\/ca\/wp-json\/wp\/v2\/pages\/3818\/revisions"}],"predecessor-version":[{"id":61523,"href":"https:\/\/curell.com\/ca\/wp-json\/wp\/v2\/pages\/3818\/revisions\/61523"}],"wp:featuredmedia":[{"embeddable":true,"href":"https:\/\/curell.com\/ca\/wp-json\/wp\/v2\/media\/3061"}],"wp:attachment":[{"href":"https:\/\/curell.com\/ca\/wp-json\/wp\/v2\/media?parent=3818"}],"curies":[{"name":"wp","href":"https:\/\/api.w.org\/{rel}","templated":true}]}}