{"id":3820,"date":"2022-07-20T07:24:56","date_gmt":"2022-07-20T07:24:56","guid":{"rendered":"https:\/\/curell.com\/?page_id=3820"},"modified":"2022-10-26T12:20:14","modified_gmt":"2022-10-26T12:20:14","slug":"serveis","status":"publish","type":"page","link":"https:\/\/curell.com\/ca\/serveis\/","title":{"rendered":"Serveis"},"content":{"rendered":"<div class=\"wpb-content-wrapper\"><p>[vc_row css_animation=&#8221;&#8221; row_type=&#8221;row&#8221; use_row_as_full_screen_section=&#8221;no&#8221; type=&#8221;grid&#8221; angled_section=&#8221;no&#8221; text_align=&#8221;left&#8221; background_image_as_pattern=&#8221;without_pattern&#8221; z_index=&#8221;&#8221; css=&#8221;.vc_custom_1658479504996{background-color: rgba(255,255,255,0.27) !important;*background-color: rgb(255,255,255) !important;}&#8221;][vc_column offset=&#8221;vc_hidden-xs&#8221;][vc_empty_space height=&#8221;65px&#8221;][vc_column_text]<\/p>\n<h2 style=\"text-align: center;\"><span style=\"color: #000000;\">Especialistes en Propietat Industrial i Intel\u00b7lectual<\/span><\/h2>\n<p>[\/vc_column_text][vc_empty_space height=&#8221;10px&#8221;][vc_column_text]<\/p>\n<p style=\"text-align: center;\">El despatx est\u00e0 especialitzat en Propietat Industrial i Intel\u00b7lectual, amb activitats que van des de les pr\u00f2pies d&#8217;una ag\u00e8ncia de Propietat Industrial, amb l&#8217;obtenci\u00f3 i defensa de registres i la gesti\u00f3 del manteniment de carteres de patents i marques a tot el m\u00f3n, fins a una \u00e0mplia varietat de serveis t\u00e8cnics i jur\u00eddics espec\u00edfics del sector, com ara recerques, an\u00e0lisi de llibertat d&#8217;explotaci\u00f3, informes pericials i dict\u00e0mens, assessorament en transfer\u00e8ncia de tecnologia i llic\u00e8ncies, litigis, accions antipirateria, arbitratge i negociaci\u00f3 d&#8217;acords.<\/p>\n<p style=\"text-align: center;\">L&#8217;adequada protecci\u00f3 de la Propietat Industrial i Intel\u00b7lectual permet que inventors, dissenyadors, creadors i empreses puguin gaudir de drets d&#8217;exclusivitat enfront de tercers. L&#8217;obtenci\u00f3, gesti\u00f3 i defensa d&#8217;aquests drets s\u00f3n els tres objectius primordials dels nostres serveis: els oferim sent plenament conscients dels condicionants propis de tota economia de lliure mercat, la import\u00e0ncia cr\u00edtica dels temps de resposta i la necessitat de trobar solucions a costos raonables. Tamb\u00e9 \u00e9s un objectiu essencial dels nostres serveis l&#8217;assessorament per a un adequat posicionament i una defensa efica\u00e7 enfront de drets de Propietat Industrial i Intel\u00b7lectual de tercers.<\/p>\n<p>[\/vc_column_text][vc_empty_space height=&#8221;75px&#8221;][\/vc_column][\/vc_row][vc_row css_animation=&#8221;&#8221; row_type=&#8221;row&#8221; use_row_as_full_screen_section=&#8221;no&#8221; type=&#8221;full_width&#8221; angled_section=&#8221;no&#8221; text_align=&#8221;left&#8221; background_image_as_pattern=&#8221;without_pattern&#8221; z_index=&#8221;&#8221; css=&#8221;.vc_custom_1663241517003{padding-right: 25px !important;padding-left: 25px !important;background-color: rgba(255,255,255,0.27) !important;*background-color: rgb(255,255,255) !important;}&#8221;][vc_column offset=&#8221;vc_hidden-lg vc_hidden-md vc_hidden-sm&#8221;][vc_empty_space height=&#8221;65px&#8221;][vc_column_text]<\/p>\n<h2 style=\"text-align: center;\"><span style=\"color: #000000;\">Especialistes en Propietat Industrial i Intel\u00b7lectual<\/span><\/h2>\n<p>[\/vc_column_text][vc_empty_space height=&#8221;10px&#8221;][vc_column_text]<\/p>\n<p style=\"text-align: center;\">El despatx est\u00e0 especialitzat en Propietat Industrial i Intel\u00b7lectual, amb activitats que van des de les pr\u00f2pies d&#8217;una ag\u00e8ncia de Propietat Industrial, amb l&#8217;obtenci\u00f3 i defensa de registres i la gesti\u00f3 del manteniment de carteres de patents i marques a tot el m\u00f3n, fins a una \u00e0mplia varietat de serveis t\u00e8cnics i jur\u00eddics espec\u00edfics del sector, com ara recerques, an\u00e0lisi de llibertat d&#8217;explotaci\u00f3, informes pericials i dict\u00e0mens, assessorament en transfer\u00e8ncia de tecnologia i llic\u00e8ncies, litigis, accions antipirateria, arbitratge i negociaci\u00f3 d&#8217;acords.<\/p>\n<p style=\"text-align: center;\">L&#8217;adequada protecci\u00f3 de la Propietat Industrial i Intel\u00b7lectual permet que inventors, dissenyadors, creadors i empreses puguin gaudir de drets d&#8217;exclusivitat enfront de tercers. L&#8217;obtenci\u00f3, gesti\u00f3 i defensa d&#8217;aquests drets s\u00f3n els tres objectius primordials dels nostres serveis: els oferim sent plenament conscients dels condicionants propis de tota economia de lliure mercat, la import\u00e0ncia cr\u00edtica dels temps de resposta i la necessitat de trobar solucions a costos raonables. Tamb\u00e9 \u00e9s un objectiu essencial dels nostres serveis l&#8217;assessorament per a un adequat posicionament i una defensa efica\u00e7 enfront de drets de Propietat Industrial i Intel\u00b7lectual de tercers.<\/p>\n<p>[\/vc_column_text][vc_empty_space height=&#8221;75px&#8221;][\/vc_column][\/vc_row][vc_row css_animation=&#8221;&#8221; row_type=&#8221;row&#8221; use_row_as_full_screen_section=&#8221;no&#8221; type=&#8221;grid&#8221; angled_section=&#8221;no&#8221; text_align=&#8221;left&#8221; background_image_as_pattern=&#8221;without_pattern&#8221; z_index=&#8221;&#8221;][vc_column width=&#8221;1\/2&#8243; offset=&#8221;vc_hidden-xs&#8221;][vc_single_image image=&#8221;1055&#8243; img_size=&#8221;full&#8221; onclick=&#8221;custom_link&#8221; qode_css_animation=&#8221;&#8221; link=&#8221;https:\/\/curell.com\/ca\/estrategia-de-proteccio\/&#8221;][vc_empty_space height=&#8221;15px&#8221;][vc_column_text]<\/p>\n<h4 style=\"text-align: center;\">Estrat\u00e8gia de protecci\u00f3<\/h4>\n<p>[\/vc_column_text][vc_empty_space height=&#8221;50px&#8221;][\/vc_column][vc_column width=&#8221;1\/2&#8243; offset=&#8221;vc_hidden-xs&#8221;][vc_single_image image=&#8221;1059&#8243; img_size=&#8221;full&#8221; onclick=&#8221;custom_link&#8221; qode_css_animation=&#8221;&#8221; link=&#8221;https:\/\/curell.com\/ca\/defensa-legal\/&#8221;][vc_empty_space height=&#8221;15px&#8221;][vc_column_text]<\/p>\n<h4 style=\"text-align: center;\">Defensa Legal<\/h4>\n<p>[\/vc_column_text][vc_empty_space height=&#8221;50px&#8221;][\/vc_column][\/vc_row][vc_row css_animation=&#8221;&#8221; row_type=&#8221;row&#8221; use_row_as_full_screen_section=&#8221;no&#8221; type=&#8221;full_width&#8221; angled_section=&#8221;no&#8221; text_align=&#8221;left&#8221; background_image_as_pattern=&#8221;without_pattern&#8221; z_index=&#8221;&#8221; css=&#8221;.vc_custom_1663241700144{padding-right: 20px !important;padding-left: 20px !important;}&#8221;][vc_column offset=&#8221;vc_hidden-lg vc_hidden-md vc_hidden-sm&#8221;][vc_single_image image=&#8221;1055&#8243; img_size=&#8221;full&#8221; onclick=&#8221;custom_link&#8221; qode_css_animation=&#8221;&#8221; link=&#8221;https:\/\/curell.com\/ca\/estrategia-de-proteccio\/&#8221;][vc_empty_space height=&#8221;15px&#8221;][vc_column_text]<\/p>\n<h3 style=\"text-align: center;\">Estrat\u00e8gia de protecci\u00f3<\/h3>\n<p>[\/vc_column_text][vc_empty_space height=&#8221;60px&#8221;][vc_single_image image=&#8221;1059&#8243; img_size=&#8221;full&#8221; onclick=&#8221;custom_link&#8221; qode_css_animation=&#8221;&#8221; link=&#8221;https:\/\/curell.com\/ca\/defensa-legal\/&#8221;][vc_empty_space height=&#8221;15px&#8221;][vc_column_text]<\/p>\n<h3 style=\"text-align: center;\">Defensa Legal<\/h3>\n<p>[\/vc_column_text][vc_empty_space height=&#8221;60px&#8221;][vc_empty_space height=&#8221;50px&#8221;][\/vc_column][\/vc_row][vc_row css_animation=&#8221;&#8221; row_type=&#8221;row&#8221; use_row_as_full_screen_section=&#8221;no&#8221; type=&#8221;full_width&#8221; angled_section=&#8221;no&#8221; text_align=&#8221;left&#8221; background_image_as_pattern=&#8221;without_pattern&#8221;][vc_column][vc_empty_space][\/vc_column][\/vc_row][vc_row css_animation=&#8221;&#8221; row_type=&#8221;row&#8221; use_row_as_full_screen_section=&#8221;no&#8221; type=&#8221;full_width&#8221; angled_section=&#8221;no&#8221; text_align=&#8221;center&#8221; background_image_as_pattern=&#8221;without_pattern&#8221; css=&#8221;.vc_custom_1663241653017{padding-right: 20px !important;padding-left: 20px !important;background-color: #bda45d !important;}&#8221; z_index=&#8221;&#8221;][vc_column][vc_empty_space height=&#8221;35px&#8221;][vc_column_text]<\/p>\n<h2 style=\"text-align: center;\"><span style=\"color: #ffffff;\">Envieu la vostra consulta i us respondrem el m\u00e9s aviat possible.<\/span><\/h2>\n<p>[\/vc_column_text][vc_empty_space height=&#8221;20px&#8221;][vc_column_text]<\/p>\n<h4 style=\"text-align: center;\"><span style=\"color: #ffffff;\">Sabem com acompanyar-vos en aquest proc\u00e9s.<\/span><\/h4>\n<p>[\/vc_column_text][vc_empty_space height=&#8221;35px&#8221;]<a  itemprop=\"url\" href=\"https:\/\/curell.com\/ca\/contacte\/\" target=\"_self\" data-hover-background-color=\"#ffffff\" data-hover-border-color=\"#ffffff\" data-hover-color=\"#bda45d\" class=\"qbutton  default\" style=\"color: #ffffff; border-color: #ffffff; background-color:#bda45d;\">CONTACTAR<\/a>[vc_empty_space height=&#8221;35px&#8221;][\/vc_column][\/vc_row]<\/p>\n<\/div>","protected":false},"excerpt":{"rendered":"<p>[vc_row css_animation=&#8221;&#8221; row_type=&#8221;row&#8221; use_row_as_full_screen_section=&#8221;no&#8221; type=&#8221;grid&#8221; angled_section=&#8221;no&#8221; text_align=&#8221;left&#8221; background_image_as_pattern=&#8221;without_pattern&#8221; z_index=&#8221;&#8221; css=&#8221;.vc_custom_1658479504996{background-color: rgba(255,255,255,0.27) !important;*background-color: rgb(255,255,255) !important;}&#8221;][vc_column offset=&#8221;vc_hidden-xs&#8221;][vc_empty_space height=&#8221;65px&#8221;][vc_column_text] Especialistes en Propietat Industrial i Intel\u00b7lectual [\/vc_column_text][vc_empty_space height=&#8221;10px&#8221;][vc_column_text] El despatx est\u00e0 especialitzat en Propietat Industrial i Intel\u00b7lectual, amb activitats que van des de les pr\u00f2pies d&#8217;una ag\u00e8ncia de Propietat&#8230;<\/p>\n","protected":false},"author":2,"featured_media":2633,"parent":0,"menu_order":0,"comment_status":"closed","ping_status":"closed","template":"full_width.php","meta":{"footnotes":""},"class_list":["post-3820","page","type-page","status-publish","has-post-thumbnail","hentry"],"yoast_head":"<!-- This site is optimized with the Yoast SEO plugin v27.1.1 - https:\/\/yoast.com\/product\/yoast-seo-wordpress\/ -->\n<title>Serveis | Curell Su\u00f1ol<\/title>\n<meta name=\"robots\" content=\"index, follow, max-snippet:-1, max-image-preview:large, max-video-preview:-1\" \/>\n<link rel=\"canonical\" href=\"https:\/\/curell.com\/ca\/serveis\/\" \/>\n<meta property=\"og:locale\" content=\"ca_ES\" \/>\n<meta property=\"og:type\" content=\"article\" \/>\n<meta property=\"og:title\" content=\"Serveis | Curell Su\u00f1ol\" \/>\n<meta property=\"og:description\" content=\"[vc_row css_animation=&#8221;&#8221; row_type=&#8221;row&#8221; use_row_as_full_screen_section=&#8221;no&#8221; type=&#8221;grid&#8221; angled_section=&#8221;no&#8221; text_align=&#8221;left&#8221; background_image_as_pattern=&#8221;without_pattern&#8221; z_index=&#8221;&#8221; css=&#8221;.vc_custom_1658479504996{background-color: rgba(255,255,255,0.27) !important;*background-color: rgb(255,255,255) !important;}&#8221;][vc_column offset=&#8221;vc_hidden-xs&#8221;][vc_empty_space height=&#8221;65px&#8221;][vc_column_text] Especialistes en Propietat Industrial i Intel\u00b7lectual [\/vc_column_text][vc_empty_space height=&#8221;10px&#8221;][vc_column_text] El despatx est\u00e0 especialitzat en Propietat Industrial i Intel\u00b7lectual, amb activitats que van des de les pr\u00f2pies d&#8217;una ag\u00e8ncia de Propietat...\" \/>\n<meta property=\"og:url\" content=\"https:\/\/curell.com\/ca\/serveis\/\" \/>\n<meta property=\"og:site_name\" content=\"Curell Su\u00f1ol\" \/>\n<meta property=\"article:modified_time\" content=\"2022-10-26T12:20:14+00:00\" \/>\n<meta property=\"og:image\" content=\"https:\/\/curell.com\/wp-content\/uploads\/2022\/07\/estrategia-proteccion.jpg\" \/>\n\t<meta property=\"og:image:width\" content=\"800\" \/>\n\t<meta property=\"og:image:height\" content=\"533\" \/>\n\t<meta property=\"og:image:type\" content=\"image\/jpeg\" \/>\n<meta name=\"twitter:card\" content=\"summary_large_image\" \/>\n<meta name=\"twitter:label1\" content=\"Temps estimat de lectura\" \/>\n\t<meta name=\"twitter:data1\" content=\"5 minuts\" \/>\n<script type=\"application\/ld+json\" class=\"yoast-schema-graph\">{\"@context\":\"https:\/\/schema.org\",\"@graph\":[{\"@type\":\"WebPage\",\"@id\":\"https:\/\/curell.com\/ca\/serveis\/\",\"url\":\"https:\/\/curell.com\/ca\/serveis\/\",\"name\":\"Serveis | Curell Su\u00f1ol\",\"isPartOf\":{\"@id\":\"https:\/\/curell.com\/#website\"},\"primaryImageOfPage\":{\"@id\":\"https:\/\/curell.com\/ca\/serveis\/#primaryimage\"},\"image\":{\"@id\":\"https:\/\/curell.com\/ca\/serveis\/#primaryimage\"},\"thumbnailUrl\":\"https:\/\/curell.com\/wp-content\/uploads\/2022\/07\/estrategia-proteccion.jpg\",\"datePublished\":\"2022-07-20T07:24:56+00:00\",\"dateModified\":\"2022-10-26T12:20:14+00:00\",\"breadcrumb\":{\"@id\":\"https:\/\/curell.com\/ca\/serveis\/#breadcrumb\"},\"inLanguage\":\"ca\",\"potentialAction\":[{\"@type\":\"ReadAction\",\"target\":[\"https:\/\/curell.com\/ca\/serveis\/\"]}]},{\"@type\":\"ImageObject\",\"inLanguage\":\"ca\",\"@id\":\"https:\/\/curell.com\/ca\/serveis\/#primaryimage\",\"url\":\"https:\/\/curell.com\/wp-content\/uploads\/2022\/07\/estrategia-proteccion.jpg\",\"contentUrl\":\"https:\/\/curell.com\/wp-content\/uploads\/2022\/07\/estrategia-proteccion.jpg\",\"width\":800,\"height\":533,\"caption\":\"Linking entities. Networking, social media, SNS, internet communication abstract. devices or people connected to a network. Web of green, blue and purple wires on white background. Shallow DOF.\"},{\"@type\":\"BreadcrumbList\",\"@id\":\"https:\/\/curell.com\/ca\/serveis\/#breadcrumb\",\"itemListElement\":[{\"@type\":\"ListItem\",\"position\":1,\"name\":\"Portada\",\"item\":\"https:\/\/curell.com\/ca\/\"},{\"@type\":\"ListItem\",\"position\":2,\"name\":\"Serveis\"}]},{\"@type\":\"WebSite\",\"@id\":\"https:\/\/curell.com\/#website\",\"url\":\"https:\/\/curell.com\/\",\"name\":\"Curell Su\u00f1ol\",\"description\":\"Patentes, Marcas y Dise\u00f1os desde 1946\",\"publisher\":{\"@id\":\"https:\/\/curell.com\/#organization\"},\"potentialAction\":[{\"@type\":\"SearchAction\",\"target\":{\"@type\":\"EntryPoint\",\"urlTemplate\":\"https:\/\/curell.com\/?s={search_term_string}\"},\"query-input\":{\"@type\":\"PropertyValueSpecification\",\"valueRequired\":true,\"valueName\":\"search_term_string\"}}],\"inLanguage\":\"ca\"},{\"@type\":\"Organization\",\"@id\":\"https:\/\/curell.com\/#organization\",\"name\":\"Curell Su\u00f1ol\",\"url\":\"https:\/\/curell.com\/\",\"logo\":{\"@type\":\"ImageObject\",\"inLanguage\":\"ca\",\"@id\":\"https:\/\/curell.com\/#\/schema\/logo\/image\/\",\"url\":\"https:\/\/curell.com\/wp-content\/uploads\/2022\/10\/curell-3.png\",\"contentUrl\":\"https:\/\/curell.com\/wp-content\/uploads\/2022\/10\/curell-3.png\",\"width\":300,\"height\":70,\"caption\":\"Curell Su\u00f1ol\"},\"image\":{\"@id\":\"https:\/\/curell.com\/#\/schema\/logo\/image\/\"},\"sameAs\":[\"https:\/\/es.linkedin.com\/company\/curell-su-ol\",\"https:\/\/www.instagram.com\/curell.sunol\/\"]}]}<\/script>\n<!-- \/ Yoast SEO plugin. -->","yoast_head_json":{"title":"Serveis | Curell Su\u00f1ol","robots":{"index":"index","follow":"follow","max-snippet":"max-snippet:-1","max-image-preview":"max-image-preview:large","max-video-preview":"max-video-preview:-1"},"canonical":"https:\/\/curell.com\/ca\/serveis\/","og_locale":"ca_ES","og_type":"article","og_title":"Serveis | Curell Su\u00f1ol","og_description":"[vc_row css_animation=&#8221;&#8221; row_type=&#8221;row&#8221; use_row_as_full_screen_section=&#8221;no&#8221; type=&#8221;grid&#8221; angled_section=&#8221;no&#8221; text_align=&#8221;left&#8221; background_image_as_pattern=&#8221;without_pattern&#8221; z_index=&#8221;&#8221; css=&#8221;.vc_custom_1658479504996{background-color: rgba(255,255,255,0.27) !important;*background-color: rgb(255,255,255) !important;}&#8221;][vc_column offset=&#8221;vc_hidden-xs&#8221;][vc_empty_space height=&#8221;65px&#8221;][vc_column_text] Especialistes en Propietat Industrial i Intel\u00b7lectual [\/vc_column_text][vc_empty_space height=&#8221;10px&#8221;][vc_column_text] El despatx est\u00e0 especialitzat en Propietat Industrial i Intel\u00b7lectual, amb activitats que van des de les pr\u00f2pies d&#8217;una ag\u00e8ncia de Propietat...","og_url":"https:\/\/curell.com\/ca\/serveis\/","og_site_name":"Curell Su\u00f1ol","article_modified_time":"2022-10-26T12:20:14+00:00","og_image":[{"width":800,"height":533,"url":"https:\/\/curell.com\/wp-content\/uploads\/2022\/07\/estrategia-proteccion.jpg","type":"image\/jpeg"}],"twitter_card":"summary_large_image","twitter_misc":{"Temps estimat de lectura":"5 minuts"},"schema":{"@context":"https:\/\/schema.org","@graph":[{"@type":"WebPage","@id":"https:\/\/curell.com\/ca\/serveis\/","url":"https:\/\/curell.com\/ca\/serveis\/","name":"Serveis | Curell Su\u00f1ol","isPartOf":{"@id":"https:\/\/curell.com\/#website"},"primaryImageOfPage":{"@id":"https:\/\/curell.com\/ca\/serveis\/#primaryimage"},"image":{"@id":"https:\/\/curell.com\/ca\/serveis\/#primaryimage"},"thumbnailUrl":"https:\/\/curell.com\/wp-content\/uploads\/2022\/07\/estrategia-proteccion.jpg","datePublished":"2022-07-20T07:24:56+00:00","dateModified":"2022-10-26T12:20:14+00:00","breadcrumb":{"@id":"https:\/\/curell.com\/ca\/serveis\/#breadcrumb"},"inLanguage":"ca","potentialAction":[{"@type":"ReadAction","target":["https:\/\/curell.com\/ca\/serveis\/"]}]},{"@type":"ImageObject","inLanguage":"ca","@id":"https:\/\/curell.com\/ca\/serveis\/#primaryimage","url":"https:\/\/curell.com\/wp-content\/uploads\/2022\/07\/estrategia-proteccion.jpg","contentUrl":"https:\/\/curell.com\/wp-content\/uploads\/2022\/07\/estrategia-proteccion.jpg","width":800,"height":533,"caption":"Linking entities. Networking, social media, SNS, internet communication abstract. devices or people connected to a network. Web of green, blue and purple wires on white background. Shallow DOF."},{"@type":"BreadcrumbList","@id":"https:\/\/curell.com\/ca\/serveis\/#breadcrumb","itemListElement":[{"@type":"ListItem","position":1,"name":"Portada","item":"https:\/\/curell.com\/ca\/"},{"@type":"ListItem","position":2,"name":"Serveis"}]},{"@type":"WebSite","@id":"https:\/\/curell.com\/#website","url":"https:\/\/curell.com\/","name":"Curell Su\u00f1ol","description":"Patentes, Marcas y Dise\u00f1os desde 1946","publisher":{"@id":"https:\/\/curell.com\/#organization"},"potentialAction":[{"@type":"SearchAction","target":{"@type":"EntryPoint","urlTemplate":"https:\/\/curell.com\/?s={search_term_string}"},"query-input":{"@type":"PropertyValueSpecification","valueRequired":true,"valueName":"search_term_string"}}],"inLanguage":"ca"},{"@type":"Organization","@id":"https:\/\/curell.com\/#organization","name":"Curell Su\u00f1ol","url":"https:\/\/curell.com\/","logo":{"@type":"ImageObject","inLanguage":"ca","@id":"https:\/\/curell.com\/#\/schema\/logo\/image\/","url":"https:\/\/curell.com\/wp-content\/uploads\/2022\/10\/curell-3.png","contentUrl":"https:\/\/curell.com\/wp-content\/uploads\/2022\/10\/curell-3.png","width":300,"height":70,"caption":"Curell Su\u00f1ol"},"image":{"@id":"https:\/\/curell.com\/#\/schema\/logo\/image\/"},"sameAs":["https:\/\/es.linkedin.com\/company\/curell-su-ol","https:\/\/www.instagram.com\/curell.sunol\/"]}]}},"_links":{"self":[{"href":"https:\/\/curell.com\/ca\/wp-json\/wp\/v2\/pages\/3820","targetHints":{"allow":["GET"]}}],"collection":[{"href":"https:\/\/curell.com\/ca\/wp-json\/wp\/v2\/pages"}],"about":[{"href":"https:\/\/curell.com\/ca\/wp-json\/wp\/v2\/types\/page"}],"author":[{"embeddable":true,"href":"https:\/\/curell.com\/ca\/wp-json\/wp\/v2\/users\/2"}],"replies":[{"embeddable":true,"href":"https:\/\/curell.com\/ca\/wp-json\/wp\/v2\/comments?post=3820"}],"version-history":[{"count":6,"href":"https:\/\/curell.com\/ca\/wp-json\/wp\/v2\/pages\/3820\/revisions"}],"predecessor-version":[{"id":4306,"href":"https:\/\/curell.com\/ca\/wp-json\/wp\/v2\/pages\/3820\/revisions\/4306"}],"wp:featuredmedia":[{"embeddable":true,"href":"https:\/\/curell.com\/ca\/wp-json\/wp\/v2\/media\/2633"}],"wp:attachment":[{"href":"https:\/\/curell.com\/ca\/wp-json\/wp\/v2\/media?parent=3820"}],"curies":[{"name":"wp","href":"https:\/\/api.w.org\/{rel}","templated":true}]}}