{"id":3828,"date":"2022-10-18T12:24:48","date_gmt":"2022-10-18T12:24:48","guid":{"rendered":"https:\/\/curell.com\/?page_id=3828"},"modified":"2022-10-28T09:11:00","modified_gmt":"2022-10-28T09:11:00","slug":"avis-legal","status":"publish","type":"page","link":"https:\/\/curell.com\/ca\/avis-legal\/","title":{"rendered":"Av\u00eds Legal"},"content":{"rendered":"<p><strong>CL\u00c0USULA D&#8217;EXEMPCI\u00d3 I COPYRIGHT<\/strong><\/p>\n<p>La informaci\u00f3 facilitada en la web CURELL SU\u00d1OL en mat\u00e8ria de Propietat Industrial i Intel\u00b7lectual i aspectes relacionats consisteix \u00fanicament en informaci\u00f3 de car\u00e0cter general. Encara que la informaci\u00f3 facilitada reuneix la m\u00e0xima fiabilitat, no aborda circumst\u00e0ncies espec\u00edfiques relatives a persones o organismes concrets ni ofereix assessorament professional o jur\u00eddic (si desitja efectuar una consulta d&#8217;aquest tipus, ha de sol\u00b7licitar el nostre consell professional).<\/p>\n<p>Els continguts d&#8217;aquesta web s\u00f3n Copyright de CURELL SU\u00d1OL. Est\u00e0 per tant prohibida la seva reproducci\u00f3 parcial o totalment sense la deguda autoritzaci\u00f3.<\/p>\n<p>Reservats tots els drets.<\/p>\n<p>Informaci\u00f3 sobre la nostra <a href=\"https:\/\/curell.com\/ca\/politica-de-cookies\/\">Pol\u00edtica de cookies<\/a>.<\/p>\n<p><strong>AV\u00cdS LEGAL DE LA WEB<\/strong><\/p>\n<p>curell.com<\/p>\n<p><strong>CONDICIONS GENERALS D&#8217;\u00daS DE LA WEB I LA SEVA ACCEPTACI\u00d3<\/strong><\/p>\n<p>El present av\u00eds (d&#8217;ara endavant, el \u201cAv\u00eds Legal\u201d) regula l&#8217;\u00fas del servei d&#8217;acc\u00e9s i utilitzaci\u00f3 de la web que Curell Su\u00f1ol S.L.P. (d&#8217;ara endavant \u201cCURELL SU\u00d1OL\u201d) posa a la seva disposici\u00f3.<\/p>\n<p>CURELL SU\u00d1OL, com a responsable de la web informa que t\u00e9 el seu domicili social en Muntaner, 240, 4\u00ba2\u00aa, 08021 Barcelona, amb CIF n\u00famero B08503963, inscrita en el Registre Mercantil de Barcelona, Full 4564, Foli 164, Secci\u00f3 3a, Llibre 224, Tom 3480.<\/p>\n<p>La utilitzaci\u00f3 de la web atribueix la condici\u00f3 d&#8217;usuari d&#8217;aquesta (d&#8217;ara endavant, l'&#8221;usuari\u201d) i implica l&#8217;acceptaci\u00f3 plena i sense reserves de totes i cadascuna de les disposicions incloses en aquest Av\u00eds Legal en la versi\u00f3 publicada per CURELL SU\u00d1OL en el moment mateix en qu\u00e8 l&#8217;usuari accedeixi a la web. CURELL SU\u00d1OL es reserva el dret a modificar unilateralment, en qualsevol moment i sense previ av\u00eds, la presentaci\u00f3 i configuraci\u00f3 dels continguts i els serveis de la web, aix\u00ed com les condicions requerides per a la seva utilitzaci\u00f3 quan aix\u00f2 sigui convenient per a la seva millor prestaci\u00f3.<\/p>\n<p>Els continguts de la present web estan protegits per les lleis de propietat intel\u00b7lectual. L&#8217;usuari queda obligat a utilitzar-los de manera diligent, correcta i l\u00edcita, no podent per tant usar-los de manera contr\u00e0ria a la llei, a la moral o als bons costums generalment acceptats i a l&#8217;ordre p\u00fablic.<\/p>\n<p>Queda prohibida la reproducci\u00f3, c\u00f2pia, distribuci\u00f3, transformaci\u00f3 o modificaci\u00f3 dels continguts (textos, imatges, veus o estructura) tret que es compti amb l&#8217;autoritzaci\u00f3 expressa i per escrit del titular dels drets.<\/p>\n<p><strong>OBJECTE<\/strong><\/p>\n<p>A trav\u00e9s de la web, CURELL SU\u00d1OL, informa dels seus serveis de Consultoria en Propietat Industrial i Intel\u00b7lectual.<\/p>\n<p><strong>CONDICIONS GENERALS D&#8217;ACC\u00c9S I UTILITZACI\u00d3 DE LA WEB<\/strong><\/p>\n<p><span style=\"text-decoration: underline;\">3.1. Acc\u00e9s i utilitzaci\u00f3 de la Web<\/span><\/p>\n<p>La utilitzaci\u00f3 de la web t\u00e9 car\u00e0cter gratu\u00eft per als usuaris.<\/p>\n<p><span style=\"text-decoration: underline;\">3.2. Veracitat de la informaci\u00f3<\/span><\/p>\n<p>Tota la informaci\u00f3 que faciliti l&#8217;usuari a trav\u00e9s de la web haur\u00e0 de ser vera\u00e7. A aquest efecte, l&#8217;usuari garanteix l&#8217;autenticitat de totes aquelles dades que comuniqui a conseq\u00fc\u00e8ncia de l&#8217;emplenament dels formularis de recollida de dades. D&#8217;igual forma, s&#8217;haur\u00e0 de mantenir la informaci\u00f3 facilitada a CURELL SU\u00d1OL actualitzada. En tot cas l&#8217;usuari ser\u00e0 l&#8217;\u00fanic responsable de les manifestacions falses o inexactes que realitzi i dels perjudicis que causi a CURELL SU\u00d1OL o a tercers per la informaci\u00f3 que faciliti.<\/p>\n<p><span style=\"text-decoration: underline;\">3.3. Obligaci\u00f3 de fer un \u00fas correcte de la web<\/span><\/p>\n<p>L&#8217;usuari es compromet a utilitzar la web de conformitat amb la llei, el present Av\u00eds Legal, i altres avisos, reglaments d&#8217;\u00fas i instruccions posats en el seu coneixement, aix\u00ed com amb la moral i els bons costums generalment acceptades i l&#8217;ordre p\u00fablic.<\/p>\n<p>A aquest efecte, l&#8217;usuari s&#8217;abstindr\u00e0 d&#8217;utilitzar la web amb finalitats o efectes il\u00b7l\u00edcits, prohibits en el present Av\u00eds Legal, lesius dels drets i interessos de tercers, o que de qualsevol forma puguin danyar, inutilitzar, sobrecarregar, deteriorar o impedir la normal utilitzaci\u00f3 de la web, els equips inform\u00e0tics o els documents, arxius i tota classe de continguts emmagatzemats en qualsevol equip inform\u00e0tic de CURELL SU\u00d1OL, o de qualsevol usuari d&#8217;Internet (maquinari i programari).<\/p>\n<p>CURELL SU\u00d1OL es reserva el dret a denegar o retirar l&#8217;acc\u00e9s a la web, en qualsevol moment i sense necessitat de preav\u00eds, a aquells usuaris que incompleixin les presents condicions generals.<\/p>\n<p><strong>COPYRIGHT I MARQUES REGISTRADES<\/strong><\/p>\n<p>Totes les imatges, dibuixos, marques, noms comercials o signes distintius de qualsevol classe que apareixen en la web s\u00f3n propietat de CURELL SU\u00d1OL o s&#8217;usen amb el consentiment de tercers, sense que pugui entendre&#8217;s que l&#8217;\u00fas o acc\u00e9s a la web i\/o als serveis atribueixi a l&#8217;usuari dret algun sobre les citades imatges, dibuixos, marques, noms comercials i\/o signes distintius.<\/p>\n<p>Els continguts s\u00f3n tamb\u00e9 propietat intel\u00b7lectual de CURELL SU\u00d1OL, sense que puguin entendre&#8217;s cedits a l&#8217;usuari. En virtut del que s&#8217;estableix en aquest Av\u00eds Legal, cap dels drets d&#8217;explotaci\u00f3 que existeixen o puguin existir sobre aquests continguts va m\u00e9s enll\u00e0 de l&#8217;estrictament necessari per al correcte \u00fas de la web.<\/p>\n<p><strong>RESPONSABILITATS PER DANYS I PERJUDICIS<\/strong><\/p>\n<p>L&#8217;usuari de la web, o de qualsevol de les p\u00e0gines web de terceres empreses amb un acc\u00e9s mitjan\u00e7ant un link des d&#8217;ella, ser\u00e0 responsable dels Danys i Perjudicis que CURELL SU\u00d1OL pugui sofrir directament o indirectament, a conseq\u00fc\u00e8ncia de l&#8217;incompliment de qualsevol de les obligacions establertes en el present Av\u00eds Legal.<\/p>\n<p><strong>L\u00cdMIT DE RESPONSABILITAT<\/strong><\/p>\n<p>CURELL SU\u00d1OL no garanteix la disponibilitat del funcionament dels serveis de la web.<\/p>\n<p>Quan aix\u00f2 sigui raonablement possible, CURELL SU\u00d1OL advertir\u00e0 pr\u00e8viament de les interrupcions en el funcionament de la web.<\/p>\n<p>CURELL SU\u00d1OL no garanteix la privacitat i la seguretat de la utilitzaci\u00f3 de la web. Tampoc pot garantir la invulnerabilitat absoluta dels seus sistemes de seguretat.<\/p>\n<p>CURELL SU\u00d1OL no controla ni garanteix l&#8217;abs\u00e8ncia de virus ni d&#8217;altres elements en els continguts que puguin produir alteracions en el sistema inform\u00e0tic de l&#8217;usuari (programari i maquinari) o en els documents electr\u00f2nics i fitxers emmagatzemats en aquest.<\/p>\n<p>D&#8217;igual forma, CURELL SU\u00d1OL eludeix tota responsabilitat en els sup\u00f2sits de fallada en el rendiment, error, omissi\u00f3, interrupci\u00f3, defecte de demora en l&#8217;operaci\u00f3 de transmissi\u00f3, fallada del sistema o l\u00ednia, aix\u00ed com en el contingut, exactitud i opinions expressades i altres connexions subministrades per aquests mitjans.<\/p>\n<p>Aquesta web pot establir enlla\u00e7os a altres p\u00e0gines web que pertanyen a tercers sobre els que CURELL SU\u00d1OL no t\u00e9 cap control. En aquests sup\u00f2sits Curell Su\u00f1ol no assumeix cap responsabilitat ni comprom\u00eds sobre la informaci\u00f3 continguda en aquestes p\u00e0gines ni dels serveis o productes que en elles s&#8217;inclogui o ofereixi.<\/p>\n<p>En cas que una autoritat judicial comuniqui a CURELL SU\u00d1OL o aquesta tingui coneixement efectiu de l&#8217;exist\u00e8ncia d&#8217;una informaci\u00f3 il\u00b7l\u00edcita continguda en la web o que lesioni b\u00e9ns o drets d&#8217;un tercer i sigui susceptible d&#8217;indemnitzaci\u00f3, CURELL SU\u00d1OL col\u00b7laborar\u00e0 amb les organismes competents per a la identificaci\u00f3 dels persones responsables d&#8217;haver publicat la informaci\u00f3 il\u00b7l\u00edcita, i en tot cas, procedir\u00e0 a retirar tal informaci\u00f3 o fer impossible l&#8217;acc\u00e9s a aquesta.<\/p>\n<p><strong>POL\u00cdTICA DE PROTECCI\u00d3 DE DADES<\/strong><\/p>\n<p>A trav\u00e9s del present av\u00eds, CURELL SU\u00d1OL informa els usuaris de la web, sobre la seva pol\u00edtica de protecci\u00f3 de dades personals amb la finalitat que aquests decideixin de manera expressa, lliure i volunt\u00e0ria, si desitgen facilitar a CURELL SU\u00d1OL les dades personals que li s\u00f3n sol\u00b7licitats per a la prestaci\u00f3 dels seus serveis de subscripci\u00f3 a not\u00edcies.<\/p>\n<p>Responsable: Curell Su\u00f1ol S.L.P. \u2013 NIF: B08503963 \u2013 Direcci\u00f3. postal: Muntaner, 240, 4\u00ba2\u00aa, 08021, Barcelona \u2013 Tel\u00e8fon: 934875166 \u2013 Correu electr\u00f2nic: mail@curell.com<\/p>\n<p>En nom de l&#8217;empresa tractem la informaci\u00f3 que ens facilita l&#8217;usuari amb la finalitat d&#8217;enviar-li not\u00edcies sobre propietat industrial i intel\u00b7lectual per email. Les dades proporcionades es conservaran mentre no se sol\u00b7liciti el cessament de l&#8217;activitat. Les dades no se cediran a tercers excepte en els casos en qu\u00e8 existeixi una obligaci\u00f3 legal. L&#8217;usuari t\u00e9 dret a obtenir confirmaci\u00f3 sobre si a CURELL SU\u00d1OL s&#8217;estan tractant les seves dades personals. Per tant, t\u00e9 dret a accedir a les seves dades personals, rectificar les dades inexactes o sol\u00b7licitar la seva supressi\u00f3 quan les dades ja no siguin necessaris per als fins en relaci\u00f3 als quals van ser recollits.<\/p>\n<p>L&#8217;usuari o persona que el representi podr\u00e0 exercitar en qualsevol moment el dret d&#8217;acc\u00e9s, rectificaci\u00f3, cancel\u00b7laci\u00f3 i oposici\u00f3 d&#8217;acord amb el que s&#8217;estableix en la normativa de protecci\u00f3 de dades. Aquests drets poden fer-se efectius mitjan\u00e7ant una comunicaci\u00f3 escrita en la qual s&#8217;acrediti la identitat de l&#8217;usuari, acompanyant a aquest efecte fotoc\u00f2pia del DNI, dirigida a l&#8217;adre\u00e7a postal Muntaner, 240, 4\u00ba2\u00aa, 08021 Barcelona, o b\u00e9 a l&#8217;adre\u00e7a electr\u00f2nica mail@curell.com.<\/p>\n<p>Les dades que se sol\u00b7liciten s\u00f3n els adequats, pertinents i no excessius en relaci\u00f3 amb l&#8217;\u00e0mbit, les finalitats i serveis determinats, expl\u00edcits i leg\u00edtims prestats per CURELL SU\u00d1OL.<\/p>\n<p>L&#8217;usuari haur\u00e0 d&#8217;emplenar els formularis amb dades veritables, exactes, complets i actualitzats, i ser\u00e0 el responsable dels danys i perjudicis que pogu\u00e9s ocasionar l&#8217;emplenament defectu\u00f3s del formulari amb dades falses, inexactes, incomplets o no actualitzats.<\/p>\n<p>CURELL SU\u00d1OL ha instal\u00b7lat les mesures t\u00e8cniques i organitzatives necess\u00e0ries per a evitar la p\u00e8rdua, mal \u00fas, alteraci\u00f3, acc\u00e9s no autoritzat i altres riscos possibles.<\/p>\n<p>Igualment, CURELL SU\u00d1OL s&#8217;obliga a complir amb l&#8217;obligaci\u00f3 de secret respecte de les dades contingudes en els seus tractaments segons el que s&#8217;estableix en la legislaci\u00f3 de protecci\u00f3 de dades aplicable. En particular, CURELL SU\u00d1OL informa que ha subscrit els pertinents acords de confidencialitat i protecci\u00f3 de dades amb tercers que tenen acc\u00e9s a dades personals responsabilitat de CURELL SU\u00d1OL per a la prestaci\u00f3 dels seus serveis.<\/p>\n<p><strong>COOKIES<\/strong><\/p>\n<p>Curell Su\u00f1ol adverteix a l&#8217;usuari de la utilitzaci\u00f3 de cookies quan navega per la web. <a href=\"https:\/\/curell.com\/ca\/politica-de-cookies\/\">Pol\u00edtica de cookies.<\/a><\/p>\n<p><strong>DURADA<\/strong><\/p>\n<p>CURELL SU\u00d1OL podr\u00e0 interrompre el servei de la web i est\u00e0 autoritzada a donar per acabada o a suspendre la prestaci\u00f3 dels serveis a trav\u00e9s de la web en qualsevol moment. No obstant aix\u00f2, quan aix\u00f2 sigui raonablement possible, CURELL SU\u00d1OL avisar\u00e0 pr\u00e8viament de la interrupci\u00f3, terminaci\u00f3 o suspensi\u00f3 de la prestaci\u00f3 de serveis a trav\u00e9s de la web.<\/p>\n<p><strong>JURISDICCI\u00d3<\/strong><\/p>\n<p>Les parts, amb expressa ren\u00fancia del seu propi fur, accepten que sigui la legislaci\u00f3 espanyola la que regeixi el contracte actual, i se sotmeten per a la resoluci\u00f3 de quants litigis poguessin derivar-se als Jutjats i Tribunals de Barcelona.<\/p>\n<p><strong>LEGISLACI\u00d3<\/strong><\/p>\n<p>Les presents condicions generals es regeixen per les lleis espanyoles.<\/p>\n","protected":false},"excerpt":{"rendered":"<p>CL\u00c0USULA D&#8217;EXEMPCI\u00d3 I COPYRIGHT La informaci\u00f3 facilitada en la web CURELL SU\u00d1OL en mat\u00e8ria de Propietat Industrial i Intel\u00b7lectual i aspectes relacionats consisteix \u00fanicament en informaci\u00f3 de car\u00e0cter general. Encara que la informaci\u00f3 facilitada reuneix la m\u00e0xima fiabilitat, no aborda circumst\u00e0ncies espec\u00edfiques relatives a persones&#8230;<\/p>\n","protected":false},"author":2,"featured_media":0,"parent":0,"menu_order":0,"comment_status":"closed","ping_status":"closed","template":"","meta":{"footnotes":""},"class_list":["post-3828","page","type-page","status-publish","hentry"],"yoast_head":"<!-- This site is optimized with the Yoast SEO plugin v27.1.1 - https:\/\/yoast.com\/product\/yoast-seo-wordpress\/ -->\n<title>Av\u00eds Legal | Curell Su\u00f1ol<\/title>\n<meta name=\"robots\" content=\"index, follow, max-snippet:-1, max-image-preview:large, max-video-preview:-1\" \/>\n<link rel=\"canonical\" href=\"https:\/\/curell.com\/ca\/avis-legal\/\" \/>\n<meta property=\"og:locale\" content=\"ca_ES\" \/>\n<meta property=\"og:type\" content=\"article\" \/>\n<meta property=\"og:title\" content=\"Av\u00eds Legal | Curell Su\u00f1ol\" \/>\n<meta property=\"og:description\" content=\"CL\u00c0USULA D&#8217;EXEMPCI\u00d3 I COPYRIGHT La informaci\u00f3 facilitada en la web CURELL SU\u00d1OL en mat\u00e8ria de Propietat Industrial i Intel\u00b7lectual i aspectes relacionats consisteix \u00fanicament en informaci\u00f3 de car\u00e0cter general. Encara que la informaci\u00f3 facilitada reuneix la m\u00e0xima fiabilitat, no aborda circumst\u00e0ncies espec\u00edfiques relatives a persones...\" \/>\n<meta property=\"og:url\" content=\"https:\/\/curell.com\/ca\/avis-legal\/\" \/>\n<meta property=\"og:site_name\" content=\"Curell Su\u00f1ol\" \/>\n<meta property=\"article:modified_time\" content=\"2022-10-28T09:11:00+00:00\" \/>\n<meta name=\"twitter:card\" content=\"summary_large_image\" \/>\n<meta name=\"twitter:label1\" content=\"Temps estimat de lectura\" \/>\n\t<meta name=\"twitter:data1\" content=\"8 minuts\" \/>\n<script type=\"application\/ld+json\" class=\"yoast-schema-graph\">{\"@context\":\"https:\/\/schema.org\",\"@graph\":[{\"@type\":\"WebPage\",\"@id\":\"https:\/\/curell.com\/ca\/avis-legal\/\",\"url\":\"https:\/\/curell.com\/ca\/avis-legal\/\",\"name\":\"Av\u00eds Legal | Curell Su\u00f1ol\",\"isPartOf\":{\"@id\":\"https:\/\/curell.com\/#website\"},\"datePublished\":\"2022-10-18T12:24:48+00:00\",\"dateModified\":\"2022-10-28T09:11:00+00:00\",\"breadcrumb\":{\"@id\":\"https:\/\/curell.com\/ca\/avis-legal\/#breadcrumb\"},\"inLanguage\":\"ca\",\"potentialAction\":[{\"@type\":\"ReadAction\",\"target\":[\"https:\/\/curell.com\/ca\/avis-legal\/\"]}]},{\"@type\":\"BreadcrumbList\",\"@id\":\"https:\/\/curell.com\/ca\/avis-legal\/#breadcrumb\",\"itemListElement\":[{\"@type\":\"ListItem\",\"position\":1,\"name\":\"Portada\",\"item\":\"https:\/\/curell.com\/ca\/\"},{\"@type\":\"ListItem\",\"position\":2,\"name\":\"Av\u00eds Legal\"}]},{\"@type\":\"WebSite\",\"@id\":\"https:\/\/curell.com\/#website\",\"url\":\"https:\/\/curell.com\/\",\"name\":\"Curell Su\u00f1ol\",\"description\":\"Patentes, Marcas y Dise\u00f1os desde 1946\",\"publisher\":{\"@id\":\"https:\/\/curell.com\/#organization\"},\"potentialAction\":[{\"@type\":\"SearchAction\",\"target\":{\"@type\":\"EntryPoint\",\"urlTemplate\":\"https:\/\/curell.com\/?s={search_term_string}\"},\"query-input\":{\"@type\":\"PropertyValueSpecification\",\"valueRequired\":true,\"valueName\":\"search_term_string\"}}],\"inLanguage\":\"ca\"},{\"@type\":\"Organization\",\"@id\":\"https:\/\/curell.com\/#organization\",\"name\":\"Curell Su\u00f1ol\",\"url\":\"https:\/\/curell.com\/\",\"logo\":{\"@type\":\"ImageObject\",\"inLanguage\":\"ca\",\"@id\":\"https:\/\/curell.com\/#\/schema\/logo\/image\/\",\"url\":\"https:\/\/curell.com\/wp-content\/uploads\/2022\/10\/curell-3.png\",\"contentUrl\":\"https:\/\/curell.com\/wp-content\/uploads\/2022\/10\/curell-3.png\",\"width\":300,\"height\":70,\"caption\":\"Curell Su\u00f1ol\"},\"image\":{\"@id\":\"https:\/\/curell.com\/#\/schema\/logo\/image\/\"},\"sameAs\":[\"https:\/\/es.linkedin.com\/company\/curell-su-ol\",\"https:\/\/www.instagram.com\/curell.sunol\/\"]}]}<\/script>\n<!-- \/ Yoast SEO plugin. -->","yoast_head_json":{"title":"Av\u00eds Legal | Curell Su\u00f1ol","robots":{"index":"index","follow":"follow","max-snippet":"max-snippet:-1","max-image-preview":"max-image-preview:large","max-video-preview":"max-video-preview:-1"},"canonical":"https:\/\/curell.com\/ca\/avis-legal\/","og_locale":"ca_ES","og_type":"article","og_title":"Av\u00eds Legal | Curell Su\u00f1ol","og_description":"CL\u00c0USULA D&#8217;EXEMPCI\u00d3 I COPYRIGHT La informaci\u00f3 facilitada en la web CURELL SU\u00d1OL en mat\u00e8ria de Propietat Industrial i Intel\u00b7lectual i aspectes relacionats consisteix \u00fanicament en informaci\u00f3 de car\u00e0cter general. Encara que la informaci\u00f3 facilitada reuneix la m\u00e0xima fiabilitat, no aborda circumst\u00e0ncies espec\u00edfiques relatives a persones...","og_url":"https:\/\/curell.com\/ca\/avis-legal\/","og_site_name":"Curell Su\u00f1ol","article_modified_time":"2022-10-28T09:11:00+00:00","twitter_card":"summary_large_image","twitter_misc":{"Temps estimat de lectura":"8 minuts"},"schema":{"@context":"https:\/\/schema.org","@graph":[{"@type":"WebPage","@id":"https:\/\/curell.com\/ca\/avis-legal\/","url":"https:\/\/curell.com\/ca\/avis-legal\/","name":"Av\u00eds Legal | Curell Su\u00f1ol","isPartOf":{"@id":"https:\/\/curell.com\/#website"},"datePublished":"2022-10-18T12:24:48+00:00","dateModified":"2022-10-28T09:11:00+00:00","breadcrumb":{"@id":"https:\/\/curell.com\/ca\/avis-legal\/#breadcrumb"},"inLanguage":"ca","potentialAction":[{"@type":"ReadAction","target":["https:\/\/curell.com\/ca\/avis-legal\/"]}]},{"@type":"BreadcrumbList","@id":"https:\/\/curell.com\/ca\/avis-legal\/#breadcrumb","itemListElement":[{"@type":"ListItem","position":1,"name":"Portada","item":"https:\/\/curell.com\/ca\/"},{"@type":"ListItem","position":2,"name":"Av\u00eds Legal"}]},{"@type":"WebSite","@id":"https:\/\/curell.com\/#website","url":"https:\/\/curell.com\/","name":"Curell Su\u00f1ol","description":"Patentes, Marcas y Dise\u00f1os desde 1946","publisher":{"@id":"https:\/\/curell.com\/#organization"},"potentialAction":[{"@type":"SearchAction","target":{"@type":"EntryPoint","urlTemplate":"https:\/\/curell.com\/?s={search_term_string}"},"query-input":{"@type":"PropertyValueSpecification","valueRequired":true,"valueName":"search_term_string"}}],"inLanguage":"ca"},{"@type":"Organization","@id":"https:\/\/curell.com\/#organization","name":"Curell Su\u00f1ol","url":"https:\/\/curell.com\/","logo":{"@type":"ImageObject","inLanguage":"ca","@id":"https:\/\/curell.com\/#\/schema\/logo\/image\/","url":"https:\/\/curell.com\/wp-content\/uploads\/2022\/10\/curell-3.png","contentUrl":"https:\/\/curell.com\/wp-content\/uploads\/2022\/10\/curell-3.png","width":300,"height":70,"caption":"Curell Su\u00f1ol"},"image":{"@id":"https:\/\/curell.com\/#\/schema\/logo\/image\/"},"sameAs":["https:\/\/es.linkedin.com\/company\/curell-su-ol","https:\/\/www.instagram.com\/curell.sunol\/"]}]}},"_links":{"self":[{"href":"https:\/\/curell.com\/ca\/wp-json\/wp\/v2\/pages\/3828","targetHints":{"allow":["GET"]}}],"collection":[{"href":"https:\/\/curell.com\/ca\/wp-json\/wp\/v2\/pages"}],"about":[{"href":"https:\/\/curell.com\/ca\/wp-json\/wp\/v2\/types\/page"}],"author":[{"embeddable":true,"href":"https:\/\/curell.com\/ca\/wp-json\/wp\/v2\/users\/2"}],"replies":[{"embeddable":true,"href":"https:\/\/curell.com\/ca\/wp-json\/wp\/v2\/comments?post=3828"}],"version-history":[{"count":7,"href":"https:\/\/curell.com\/ca\/wp-json\/wp\/v2\/pages\/3828\/revisions"}],"predecessor-version":[{"id":4660,"href":"https:\/\/curell.com\/ca\/wp-json\/wp\/v2\/pages\/3828\/revisions\/4660"}],"wp:attachment":[{"href":"https:\/\/curell.com\/ca\/wp-json\/wp\/v2\/media?parent=3828"}],"curies":[{"name":"wp","href":"https:\/\/api.w.org\/{rel}","templated":true}]}}